{"id":61,"date":"2018-03-30T15:37:23","date_gmt":"2018-03-30T13:37:23","guid":{"rendered":"http:\/\/sanitasenzaproblemi.it\/strutture\/campania\/medicina-futura-napoli\/?page_id=61"},"modified":"2022-05-30T12:50:48","modified_gmt":"2022-05-30T10:50:48","slug":"chi-siamo","status":"publish","type":"page","link":"https:\/\/sanitasenzaproblemi.it\/strutture\/campania\/laboratorio-analisi-cliniche-padovano-angri\/","title":{"rendered":"Laboratorio di Analisi Cliniche Padovano"},"content":{"rendered":"<p>[vc_row css_animation=&#8221;&#8221; row_type=&#8221;row&#8221; use_row_as_full_screen_section=&#8221;no&#8221; type=&#8221;full_width&#8221; angled_section=&#8221;no&#8221; text_align=&#8221;left&#8221; background_image_as_pattern=&#8221;without_pattern&#8221; css=&#8221;.vc_custom_1523262176370{background-color: #007ac7 !important;}&#8221; z_index=&#8221;&#8221;][vc_column offset=&#8221;vc_hidden-xs&#8221; css=&#8221;.vc_custom_1523435020780{margin-bottom: 0px !important;}&#8221;][vc_single_image image=&#8221;882&#8243; img_size=&#8221;full&#8221; alignment=&#8221;center&#8221; qode_css_animation=&#8221;element_from_fade&#8221;][\/vc_column][\/vc_row][vc_row css_animation=&#8221;element_from_fade&#8221; row_type=&#8221;row&#8221; use_row_as_full_screen_section=&#8221;no&#8221; type=&#8221;full_width&#8221; angled_section=&#8221;no&#8221; text_align=&#8221;left&#8221; background_image_as_pattern=&#8221;without_pattern&#8221; css=&#8221;.vc_custom_1523372181026{margin-top: 0px !important;margin-right: 23px !important;margin-bottom: 0px !important;margin-left: 10px !important;}&#8221; z_index=&#8221;&#8221;][vc_column css_animation=&#8221;none&#8221; width=&#8221;8\/12&#8243; offset=&#8221;vc_hidden-sm vc_hidden-xs&#8221; css=&#8221;.vc_custom_1523352176548{margin-top: 20px !important;margin-bottom: 20px !important;}&#8221;][vc_row_inner row_type=&#8221;row&#8221; type=&#8221;full_width&#8221; text_align=&#8221;left&#8221; css_animation=&#8221;&#8221;][vc_column_inner width=&#8221;1\/4&#8243;][vc_empty_space height=&#8221;20px&#8221;][vc_single_image image=&#8221;869&#8243; alignment=&#8221;center&#8221; qode_css_animation=&#8221;element_from_left&#8221; css=&#8221;.vc_custom_1524130114018{margin-top: -20px !important;}&#8221;][vc_empty_space height=&#8221;10px&#8221;][\/vc_column_inner][vc_column_inner width=&#8221;3\/4&#8243; css=&#8221;.vc_custom_1523443640920{margin-left: -25px !important;}&#8221;][vc_empty_space height=&#8221;20px&#8221;][vc_column_text el_class=&#8221;centrato_in_mobile&#8221;]<\/p>\n<h2><em><span style=\"color: #007ac7;\">Laboratorio di Analisi Cliniche Padovano<\/span><\/em><\/h2>\n<p>Via Zurlo 75, Angri 84012 (SA)[\/vc_column_text]<a  itemprop=\"url\" href=\"https:\/\/www.google.it\/maps\/place\/Via Zurlo 75, Angri 84012 (SA)\" target=\"_blank\"  class=\"qbutton  small center default\" style=\"margin: 5px 0 0 0; border-radius: 5px;-moz-border-radius: 5px;-webkit-border-radius: 5px; \">Indicazioni stradali<\/a>[\/vc_column_inner][\/vc_row_inner][\/vc_column][vc_column width=&#8221;4\/12&#8243; css=&#8221;.vc_custom_1523434245058{border-radius: 5px !important;}&#8221; el_id=&#8221;bottoni_sidebar&#8221; offset=&#8221;vc_hidden-sm vc_hidden-xs&#8221;]<a id=\"btn_sotto_titolo_struttura\" itemprop=\"url\" href=\"http:\/\/sanitasenzaproblemi.it\/prenotazione-online\/\" target=\"_blank\"  class=\"qbutton  big_large center default\" style=\"border-radius: 5px;-moz-border-radius: 5px;-webkit-border-radius: 5px; \">Prenota online<\/a>[vc_empty_space height=&#8221;25px&#8221;]<a id=\"btn_sotto_titolo_struttura\" itemprop=\"url\" href=\"#lascia_recensione\" target=\"_self\"  class=\"qbutton  big_large center default\" style=\"border-radius: 5px;-moz-border-radius: 5px;-webkit-border-radius: 5px; \">Lascia una recensione<\/a>[\/vc_column][\/vc_row][vc_row css_animation=&#8221;&#8221; row_type=&#8221;row&#8221; use_row_as_full_screen_section=&#8221;no&#8221; type=&#8221;full_width&#8221; angled_section=&#8221;no&#8221; text_align=&#8221;left&#8221; background_image_as_pattern=&#8221;without_pattern&#8221; css=&#8221;.vc_custom_1523352285948{margin-top: 0px !important;margin-bottom: 20px !important;}&#8221; z_index=&#8221;&#8221;][vc_column offset=&#8221;vc_hidden-lg vc_hidden-md&#8221;][vc_row_inner row_type=&#8221;row&#8221; type=&#8221;full_width&#8221; text_align=&#8221;center&#8221; css_animation=&#8221;&#8221;][vc_column_inner css=&#8221;.vc_custom_1523352273346{margin-top: 0px !important;margin-bottom: 25px !important;}&#8221;][vc_single_image image=&#8221;869&#8243; alignment=&#8221;center&#8221; qode_css_animation=&#8221;&#8221;][vc_empty_space height=&#8221;10px&#8221;][vc_column_text el_class=&#8221;centrato_in_mobile&#8221;]<\/p>\n<h2><em><span style=\"color: #007ac7;\">Laboratorio di Analisi Cliniche Padovano<\/span><\/em><\/h2>\n<p>Via Zurlo 75, Angri 84012 (SA)[\/vc_column_text][\/vc_column_inner][\/vc_row_inner][vc_row_inner row_type=&#8221;row&#8221; type=&#8221;full_width&#8221; text_align=&#8221;center&#8221; css_animation=&#8221;&#8221; css=&#8221;.vc_custom_1523279480784{margin-top: 5px !important;}&#8221;][vc_column_inner]<a id=\"btn_sotto_titolo_struttura_mobile\" itemprop=\"url\" href=\"tel:0810010202\" target=\"_blank\"  class=\"qbutton  big_large center default\" style=\"margin: 10px 0px 10px 0px; border-radius: 6px;-moz-border-radius: 6px;-webkit-border-radius: 6px; \">Chiama e prenota<i class=\"qode_icon_font_awesome fa fa-phone qode_button_icon_element\" style=\"\" ><\/i><\/a><a id=\"btn_sotto_titolo_struttura_mobile\" itemprop=\"url\" href=\"http:\/\/sanitasenzaproblemi.it\/prenotazione-online\/\" target=\"_blank\"  class=\"qbutton  big_large center default\" style=\"margin: 10px 0px 10px 0px; border-radius: 6px;-moz-border-radius: 6px;-webkit-border-radius: 6px; \">Prenota online<i class=\"qode_icon_font_awesome fa fa-align-justify qode_button_icon_element\" style=\"\" ><\/i><\/a><a id=\"btn_sotto_titolo_struttura_mobile\" itemprop=\"url\" href=\"https:\/\/www.google.it\/maps\/place\/Via Zurlo 75, Angri 84012 (SA)\" target=\"_blank\"  class=\"qbutton  big_large center default\" style=\"margin: 10px 0px 10px 0px; border-radius: 6px;-moz-border-radius: 6px;-webkit-border-radius: 6px; \">Avvia navigatore GPS<i class=\"qode_icon_font_awesome fa fa-map-marker qode_button_icon_element\" style=\"\" ><\/i><\/a><a id=\"btn_sotto_titolo_struttura_mobile\" itemprop=\"url\" href=\"#lascia_recensione\" target=\"_self\"  class=\"qbutton  big_large center default\" style=\"margin: 10px 0px 10px 0px; border-radius: 6px;-moz-border-radius: 6px;-webkit-border-radius: 6px; \">Lascia una recensione<i class=\"qode_icon_font_awesome fa fa-star qode_button_icon_element\" style=\"\" ><\/i><\/a>[\/vc_column_inner][\/vc_row_inner][\/vc_column][\/vc_row][vc_row css_animation=&#8221;&#8221; row_type=&#8221;row&#8221; use_row_as_full_screen_section=&#8221;no&#8221; type=&#8221;full_width&#8221; angled_section=&#8221;no&#8221; text_align=&#8221;left&#8221; background_image_as_pattern=&#8221;without_pattern&#8221; row_negative_margin=&#8221;disable_negative_margin&#8221; css=&#8221;.vc_custom_1524127888814{margin-top: -20px !important;margin-right: 10px !important;margin-bottom: 35px !important;margin-left: 10px !important;}&#8221; z_index=&#8221;999999&#8243;][vc_column offset=&#8221;vc_hidden-sm vc_hidden-xs&#8221;][vc_column_text]<\/p>\n<div class=\"n2-code n2-ss-slider-shortcode-id\"><div id=\"mega-menu-wrap-max_mega_menu_1\" class=\"mega-menu-wrap\"><div class=\"mega-menu-toggle\"><div class=\"mega-toggle-blocks-left\"><\/div><div class=\"mega-toggle-blocks-center\"><\/div><div class=\"mega-toggle-blocks-right\"><div class='mega-toggle-block mega-menu-toggle-block mega-toggle-block-1' id='mega-toggle-block-1' tabindex='0'><span class='mega-toggle-label' role='button' aria-expanded='false'><span class='mega-toggle-label-closed'>MENU<\/span><span class='mega-toggle-label-open'>MENU<\/span><\/span><\/div><\/div><\/div><ul id=\"mega-menu-max_mega_menu_1\" class=\"mega-menu max-mega-menu mega-menu-horizontal mega-no-js\" data-event=\"hover_intent\" data-effect=\"slide\" data-effect-speed=\"200\" data-effect-mobile=\"disabled\" data-effect-speed-mobile=\"0\" data-mobile-force-width=\"false\" data-second-click=\"close\" data-document-click=\"collapse\" data-vertical-behaviour=\"standard\" data-breakpoint=\"600\" data-unbind=\"true\" data-mobile-state=\"collapse_all\" data-hover-intent-timeout=\"300\" data-hover-intent-interval=\"100\"><li class='mega-menu-item mega-menu-item-type-post_type mega-menu-item-object-page mega-menu-item-home mega-align-bottom-left mega-menu-flyout mega-menu-item-390' id='mega-menu-item-390'><a class=\"mega-menu-link\" href=\"https:\/\/sanitasenzaproblemi.it\/strutture\/campania\/laboratorio-analisi-cliniche-padovano-angri\/\" tabindex=\"0\">Laboratorio di Analisi Cliniche Padovano<\/a><\/li><li class='mega-menu-item mega-menu-item-type-post_type mega-menu-item-object-page mega-align-bottom-left mega-menu-flyout mega-menu-item-865' id='mega-menu-item-865'><a class=\"mega-menu-link\" href=\"https:\/\/sanitasenzaproblemi.it\/strutture\/campania\/laboratorio-analisi-cliniche-padovano-angri\/esami-di-laboratorio\/\" tabindex=\"0\">Analisi ed esami clinici di laboratorio<\/a><\/li><\/ul><\/div><\/div>\n<p>[\/vc_column_text][\/vc_column][\/vc_row][vc_row css_animation=&#8221;&#8221; row_type=&#8221;row&#8221; use_row_as_full_screen_section=&#8221;yes&#8221; type=&#8221;full_width&#8221; angled_section=&#8221;no&#8221; text_align=&#8221;left&#8221; background_image_as_pattern=&#8221;without_pattern&#8221; row_negative_margin=&#8221;disable_negative_margin&#8221; z_index=&#8221;&#8221; css=&#8221;.vc_custom_1523372173326{margin-top: 20px !important;margin-right: 23px !important;margin-left: 10px !important;}&#8221;][vc_column width=&#8221;2\/3&#8243; el_id=&#8221;contenuto_pagina&#8221; css=&#8221;.vc_custom_1523436649154{padding-left: 20px !important;}&#8221;][vc_column_text]<\/p>\n<h3><em><span style=\"color: #007ac7;\">Laboratorio di Analisi Cliniche Padovano<\/span><\/em><\/h3>\n<h1><em><span style=\"color: #007ac7;\">\u00a0<\/span><\/em><\/h1>\n<p>[\/vc_column_text][vc_empty_space height=&#8221;20px&#8221;][vc_column_text]Da sempre ben fornito di <strong>macchinari all\u2019avanguardia<\/strong>, come un analizzatore automatico per chimica clinica ed un conta globuli con screening di formula, avanzati strumenti di cui il Centro era fin dall\u2019inizio in possesso, il <strong>Laboratorio di Analisi Cliniche Padovano<\/strong> ha, nel corso degli anni, proseguito il suo impegno nel miglioramento delle prestazioni dei processi aziendali mediante l\u2019acquisto di attrezzature sempre pi\u00f9 innovative e la proposta di una gamma di servizi e prestazioni pi\u00f9 ampia e dedicata al paziente.<\/p>\n<p>&nbsp;<\/p>\n<p>Per offrire agli utenti un servizio di elevato standard qualitativo, il laboratorio ha introdotto il <strong>sistema di qualit\u00e0 RINA n\u00b015535<\/strong> per il processo di accettazione, esecuzione delle analisi, refertazione e consegna dei referti. Questo modello, oltre ad assicurare conformit\u00e0 etica e legale, garantisce che l\u2019intero processo sia sottoposto a costanti verifiche e miglioramenti al fine di soddisfare in modo sempre pi\u00f9 sistematico e strutturato le specifiche esigenze di affidabilit\u00e0. Tutto ci\u00f2 \u00e8 garantito da <strong>rigorosi controlli interni ed esterni di qualit\u00e0<\/strong> (IQC, VEQ) che rappresentano uno strumento molto valido per la valutazione dell\u2019affidabilit\u00e0 del risultato.<\/p>\n<p>&nbsp;<\/p>\n<p><strong>La nostra mission<\/strong> \u2013 Garantire l\u2019accuratezza del dato analitico, attraverso un attento lavoro di ricerca scientifica e l\u2019utilizzo di strumentazioni tecnologicamente all\u2019avanguardia, senza mai trascurare il rapporto umano con il paziente.<\/p>\n<p>&nbsp;<\/p>\n<p>Il Laboratorio di Analisi Cliniche Padovano \u00e8 stato fondato dal dott. Gerardo Padovano ed \u00e8 <strong>attivo sul territorio da oltre 30 anni<\/strong>.<\/p>\n<p>&nbsp;<\/p>\n<p>&nbsp;<\/p>\n<p><strong>Per prenotazioni<\/strong> o informazioni:<\/p>\n<ul>\n<li><strong>telefona gratuitamente <\/strong>al numero del Centro Unico di Prenotazione (CUP): <strong>081 0010202;<\/strong><\/li>\n<li><strong>scarica l&#8217;app<\/strong> gratuita di Sanit\u00e0 Senza Problemi, disponibile su <strong><a href=\"https:\/\/play.google.com\/store\/apps\/details?id=com.sanita.senzaproblemi&amp;hl=it&amp;gl=US\">Google Play Store<\/a> e <a href=\"https:\/\/apps.apple.com\/it\/app\/sanit%C3%A0-senza-problemi\/id1556890426\">App Store<\/a>;<\/strong><\/li>\n<li>compila il <strong>modulo online<\/strong> presente sul sito, <strong><a href=\"https:\/\/sanitasenzaproblemi.it\/prenotazione-online\/\">cliccando qui<\/a><\/strong>.<\/li>\n<\/ul>\n<p>[\/vc_column_text][vc_empty_space height=&#8221;60px&#8221;][\/vc_column][vc_column width=&#8221;1\/3&#8243; css=&#8221;.vc_custom_1523434258486{margin-top: 0px !important;}&#8221; el_id=&#8221;contenuto_sidebar&#8221;][vc_row_inner row_type=&#8221;row&#8221; type=&#8221;full_width&#8221; text_align=&#8221;left&#8221; css_animation=&#8221;&#8221; css=&#8221;.vc_custom_1523277161124{margin-bottom: 20px !important;}&#8221;][vc_column_inner css=&#8221;.vc_custom_1523432595586{border-top-width: 1px !important;border-right-width: 1px !important;border-bottom-width: 1px !important;border-left-width: 1px !important;padding-top: 0px !important;padding-bottom: 0px !important;background-color: #eceff1 !important;border-radius: 5px !important;}&#8221;][vc_column_text]<\/p>\n<div style=\"background-color: #007ac7; width: 100%; margin: 0px 0px 0px -15px; padding: 10px 0px 10px 30px; border-radius: 5px 5px 0 0;\">\n<h2 style=\"color: white; margin-left: inherit; font-weight: 400;\">\u2685 Foto della Struttura<\/h2>\n<\/div>\n<p>[\/vc_column_text][vc_empty_space height=&#8221;20px&#8221;][vc_column_text]<\/p>\n<div class=\"n2-code n2-ss-slider-shortcode-id\"><\/div>\n<p>[\/vc_column_text][vc_empty_space height=&#8221;20px&#8221;][\/vc_column_inner][\/vc_row_inner][vc_row_inner row_type=&#8221;row&#8221; type=&#8221;full_width&#8221; text_align=&#8221;left&#8221; css_animation=&#8221;&#8221;][vc_column_inner css=&#8221;.vc_custom_1523363711376{border-top-width: 1px !important;border-right-width: 1px !important;border-bottom-width: 1px !important;border-left-width: 1px !important;padding-top: 0px !important;padding-left: 20px !important;background-color: #eceff1 !important;border-left-color: #eceff1 !important;border-left-style: solid !important;border-right-color: #eceff1 !important;border-right-style: solid !important;border-top-color: #eceff1 !important;border-top-style: solid !important;border-bottom-color: #eceff1 !important;border-bottom-style: solid !important;border-radius: 5px !important;}&#8221; el_id=&#8221;elenco_recensioni_sidebar&#8221;][vc_column_text]<\/p>\n<div style=\"background-color: #007ac7; width: 100%; margin: 0px 0px 0px -19px; padding: 10px 2px 10px 32px; border-radius: 5px 5px 0 0;\">\n<h2 style=\"color: white; margin-left: inherit; font-weight: 400;\">\u2605 Recensioni sulla Struttura<\/h2>\n<\/div>\n<p>[\/vc_column_text][vc_empty_space height=&#8221;20px&#8221;][vc_widget_sidebar sidebar_id=&#8221;Custom Widget per visualizzare recensioni&#8221;][\/vc_column_inner][\/vc_row_inner][vc_row_inner row_type=&#8221;expandable&#8221; text_align=&#8221;left&#8221; button_position=&#8221;center&#8221; anchor=&#8221;lascia_recensione&#8221; more_button_label=&#8221;LASCIA UNA RECENSIONE&#8221; less_button_label=&#8221;Nascondi&#8221; expandable_content_top_padding=&#8221;0&#8243; css=&#8221;.vc_custom_1523434936272{margin-bottom: 20px !important;}&#8221;][vc_column_inner css=&#8221;.vc_custom_1523434932650{border-top-width: 1px !important;border-right-width: 1px !important;border-bottom-width: 1px !important;border-left-width: 1px !important;padding-top: 0px !important;padding-left: 20px !important;background-color: #eceff1 !important;border-left-color: #eceff1 !important;border-left-style: solid !important;border-right-color: #eceff1 !important;border-right-style: solid !important;border-top-color: #eceff1 !important;border-top-style: solid !important;border-bottom-color: #eceff1 !important;border-bottom-style: solid !important;border-radius: 5px !important;}&#8221;][vc_empty_space height=&#8221;20px&#8221;][vc_widget_sidebar sidebar_id=&#8221;Custom Widget per lasciare recensioni&#8221;][\/vc_column_inner][\/vc_row_inner][\/vc_column][\/vc_row]<\/p>\n","protected":false},"excerpt":{"rendered":"<p>[vc_row css_animation=&#8221;&#8221; row_type=&#8221;row&#8221; use_row_as_full_screen_section=&#8221;no&#8221; type=&#8221;full_width&#8221; angled_section=&#8221;no&#8221; text_align=&#8221;left&#8221; background_image_as_pattern=&#8221;without_pattern&#8221; css=&#8221;.vc_custom_1523262176370{background-color: #007ac7 !important;}&#8221; z_index=&#8221;&#8221;][vc_column offset=&#8221;vc_hidden-xs&#8221; css=&#8221;.vc_custom_1523435020780{margin-bottom: 0px !important;}&#8221;][vc_single_image image=&#8221;882&#8243; img_size=&#8221;full&#8221; alignment=&#8221;center&#8221; qode_css_animation=&#8221;element_from_fade&#8221;][\/vc_column][\/vc_row][vc_row css_animation=&#8221;element_from_fade&#8221; row_type=&#8221;row&#8221; use_row_as_full_screen_section=&#8221;no&#8221; type=&#8221;full_width&#8221; angled_section=&#8221;no&#8221; text_align=&#8221;left&#8221; background_image_as_pattern=&#8221;without_pattern&#8221; css=&#8221;.vc_custom_1523372181026{margin-top: 0px !important;margin-right: 23px !important;margin-bottom: 0px !important;margin-left: 10px !important;}&#8221; z_index=&#8221;&#8221;][vc_column css_animation=&#8221;none&#8221; width=&#8221;8\/12&#8243; offset=&#8221;vc_hidden-sm vc_hidden-xs&#8221; css=&#8221;.vc_custom_1523352176548{margin-top: 20px !important;margin-bottom: 20px&#8230;<\/p>\n","protected":false},"author":1,"featured_media":0,"parent":0,"menu_order":0,"comment_status":"closed","ping_status":"closed","template":"full_width.php","meta":[],"_links":{"self":[{"href":"https:\/\/sanitasenzaproblemi.it\/strutture\/campania\/laboratorio-analisi-cliniche-padovano-angri\/wp-json\/wp\/v2\/pages\/61"}],"collection":[{"href":"https:\/\/sanitasenzaproblemi.it\/strutture\/campania\/laboratorio-analisi-cliniche-padovano-angri\/wp-json\/wp\/v2\/pages"}],"about":[{"href":"https:\/\/sanitasenzaproblemi.it\/strutture\/campania\/laboratorio-analisi-cliniche-padovano-angri\/wp-json\/wp\/v2\/types\/page"}],"author":[{"embeddable":true,"href":"https:\/\/sanitasenzaproblemi.it\/strutture\/campania\/laboratorio-analisi-cliniche-padovano-angri\/wp-json\/wp\/v2\/users\/1"}],"replies":[{"embeddable":true,"href":"https:\/\/sanitasenzaproblemi.it\/strutture\/campania\/laboratorio-analisi-cliniche-padovano-angri\/wp-json\/wp\/v2\/comments?post=61"}],"version-history":[{"count":5,"href":"https:\/\/sanitasenzaproblemi.it\/strutture\/campania\/laboratorio-analisi-cliniche-padovano-angri\/wp-json\/wp\/v2\/pages\/61\/revisions"}],"predecessor-version":[{"id":883,"href":"https:\/\/sanitasenzaproblemi.it\/strutture\/campania\/laboratorio-analisi-cliniche-padovano-angri\/wp-json\/wp\/v2\/pages\/61\/revisions\/883"}],"wp:attachment":[{"href":"https:\/\/sanitasenzaproblemi.it\/strutture\/campania\/laboratorio-analisi-cliniche-padovano-angri\/wp-json\/wp\/v2\/media?parent=61"}],"curies":[{"name":"wp","href":"https:\/\/api.w.org\/{rel}","templated":true}]}}