{"id":61,"date":"2018-03-30T15:37:23","date_gmt":"2018-03-30T13:37:23","guid":{"rendered":"http:\/\/sanitasenzaproblemi.it\/strutture\/campania\/medicina-futura-clinica-san-felice\/?page_id=61"},"modified":"2022-07-18T14:00:10","modified_gmt":"2022-07-18T12:00:10","slug":"chi-siamo","status":"publish","type":"page","link":"https:\/\/sanitasenzaproblemi.it\/strutture\/campania\/hermitage-capodimonte-napoli\/","title":{"rendered":"La Struttura"},"content":{"rendered":"<p>[vc_row css_animation=&#8221;&#8221; row_type=&#8221;row&#8221; use_row_as_full_screen_section=&#8221;no&#8221; type=&#8221;full_width&#8221; angled_section=&#8221;no&#8221; text_align=&#8221;left&#8221; background_image_as_pattern=&#8221;without_pattern&#8221; css=&#8221;.vc_custom_1523262176370{background-color: #007ac7 !important;}&#8221; z_index=&#8221;&#8221;][vc_column offset=&#8221;vc_hidden-xs&#8221; css=&#8221;.vc_custom_1523435020780{margin-bottom: 0px !important;}&#8221;][vc_single_image source=&#8221;external_link&#8221; alignment=&#8221;center&#8221; qode_css_animation=&#8221;element_from_fade&#8221; custom_src=&#8221;http:\/\/sanitasenzaproblemi.it\/wp-content\/uploads\/num_cup_prenota_online_homepage.jpg&#8221;][\/vc_column][\/vc_row][vc_row css_animation=&#8221;element_from_fade&#8221; row_type=&#8221;row&#8221; use_row_as_full_screen_section=&#8221;no&#8221; type=&#8221;full_width&#8221; angled_section=&#8221;no&#8221; text_align=&#8221;left&#8221; background_image_as_pattern=&#8221;without_pattern&#8221; css=&#8221;.vc_custom_1523372181026{margin-top: 0px !important;margin-right: 23px !important;margin-bottom: 0px !important;margin-left: 10px !important;}&#8221; z_index=&#8221;&#8221;][vc_column css_animation=&#8221;none&#8221; width=&#8221;8\/12&#8243; offset=&#8221;vc_hidden-sm vc_hidden-xs&#8221; css=&#8221;.vc_custom_1523352176548{margin-top: 20px !important;margin-bottom: 20px !important;}&#8221;][vc_row_inner row_type=&#8221;row&#8221; type=&#8221;full_width&#8221; text_align=&#8221;left&#8221; css_animation=&#8221;&#8221;][vc_column_inner width=&#8221;1\/4&#8243;][vc_single_image image=&#8221;1991&#8243; alignment=&#8221;center&#8221; qode_css_animation=&#8221;element_from_left&#8221;][\/vc_column_inner][vc_column_inner width=&#8221;3\/4&#8243; css=&#8221;.vc_custom_1523443640920{margin-left: -25px !important;}&#8221;][vc_empty_space height=&#8221;20px&#8221;][vc_column_text el_class=&#8221;centrato_in_mobile&#8221;]<\/p>\n<h2><em><span style=\"color: #007ac7;\">Hermitage Capodimonte S.p.a.<\/span><\/em><\/h2>\n<p>Cupa delle Tozzole 2, Napoli &#8211; 80131 (NA)[\/vc_column_text]<a  itemprop=\"url\" href=\"https:\/\/www.google.com\/maps\/place\/Hermitage\/@40.8802815,14.2426688,16z\/data=!4m5!3m4!1s0x0:0x9b1f1779f4a11722!8m2!3d40.8805058!4d14.2462323\" target=\"_blank\"  class=\"qbutton  small center default\" style=\"margin: 5px 0 0 0; border-radius: 5px;-moz-border-radius: 5px;-webkit-border-radius: 5px; \">Indicazioni stradali<\/a>[\/vc_column_inner][\/vc_row_inner][\/vc_column][vc_column width=&#8221;4\/12&#8243; css=&#8221;.vc_custom_1523434245058{border-radius: 5px !important;}&#8221; el_id=&#8221;bottoni_sidebar&#8221; offset=&#8221;vc_hidden-sm vc_hidden-xs&#8221;]<a id=\"btn_sotto_titolo_struttura\" itemprop=\"url\" href=\"http:\/\/sanitasenzaproblemi.it\/prenotazione-online\/\" target=\"_blank\"  class=\"qbutton  big_large center default\" style=\"border-radius: 5px;-moz-border-radius: 5px;-webkit-border-radius: 5px; \">Prenota online<\/a>[vc_empty_space height=&#8221;25px&#8221;]<a id=\"btn_sotto_titolo_struttura\" itemprop=\"url\" href=\"#lascia_recensione\" target=\"_self\"  class=\"qbutton  big_large center default\" style=\"border-radius: 5px;-moz-border-radius: 5px;-webkit-border-radius: 5px; \">Lascia una recensione<\/a>[\/vc_column][\/vc_row][vc_row css_animation=&#8221;&#8221; row_type=&#8221;row&#8221; use_row_as_full_screen_section=&#8221;no&#8221; type=&#8221;full_width&#8221; angled_section=&#8221;no&#8221; text_align=&#8221;left&#8221; background_image_as_pattern=&#8221;without_pattern&#8221; css=&#8221;.vc_custom_1523352285948{margin-top: 0px !important;margin-bottom: 20px !important;}&#8221; z_index=&#8221;&#8221;][vc_column offset=&#8221;vc_hidden-lg vc_hidden-md&#8221;][vc_row_inner row_type=&#8221;row&#8221; type=&#8221;full_width&#8221; text_align=&#8221;center&#8221; css_animation=&#8221;&#8221;][vc_column_inner css=&#8221;.vc_custom_1523352273346{margin-top: 0px !important;margin-bottom: 25px !important;}&#8221;][vc_single_image image=&#8221;1991&#8243; img_size=&#8221;full&#8221; alignment=&#8221;center&#8221; qode_css_animation=&#8221;&#8221;][vc_column_text el_class=&#8221;centrato_in_mobile&#8221;]<\/p>\n<h2><em><span style=\"color: #007ac7;\">Hermitage Capodimonte S.p.a.<\/span><\/em><\/h2>\n<p>Cupa delle Tozzole 2, Napoli &#8211; 80131 (NA)[\/vc_column_text][\/vc_column_inner][\/vc_row_inner][vc_row_inner row_type=&#8221;row&#8221; type=&#8221;full_width&#8221; text_align=&#8221;center&#8221; css_animation=&#8221;&#8221; css=&#8221;.vc_custom_1523279480784{margin-top: 5px !important;}&#8221;][vc_column_inner]<a id=\"btn_sotto_titolo_struttura_mobile\" itemprop=\"url\" href=\"tel:0810010202\" target=\"_blank\"  class=\"qbutton  big_large center default\" style=\"margin: 10px 0px 10px 0px; border-radius: 6px;-moz-border-radius: 6px;-webkit-border-radius: 6px; \">Chiama e prenota<i class=\"qode_icon_font_awesome fa fa-phone qode_button_icon_element\" style=\"\" ><\/i><\/a><a id=\"btn_sotto_titolo_struttura_mobile\" itemprop=\"url\" href=\"http:\/\/sanitasenzaproblemi.it\/prenotazione-online\/\" target=\"_blank\"  class=\"qbutton  big_large center default\" style=\"margin: 10px 0px 10px 0px; border-radius: 6px;-moz-border-radius: 6px;-webkit-border-radius: 6px; \">Prenota online<i class=\"qode_icon_font_awesome fa fa-align-justify qode_button_icon_element\" style=\"\" ><\/i><\/a><a id=\"btn_sotto_titolo_struttura_mobile\" itemprop=\"url\" href=\"https:\/\/www.google.com\/maps\/place\/Hermitage\/@40.8802815,14.2426688,16z\/data=!4m5!3m4!1s0x0:0x9b1f1779f4a11722!8m2!3d40.8805058!4d14.2462323\" target=\"_blank\"  class=\"qbutton  big_large center default\" style=\"margin: 10px 0px 10px 0px; border-radius: 6px;-moz-border-radius: 6px;-webkit-border-radius: 6px; \">Avvia navigatore GPS<i class=\"qode_icon_font_awesome fa fa-map-marker qode_button_icon_element\" style=\"\" ><\/i><\/a><a id=\"btn_sotto_titolo_struttura_mobile\" itemprop=\"url\" href=\"#lascia_recensione\" target=\"_self\"  class=\"qbutton  big_large center default\" style=\"margin: 10px 0px 10px 0px; border-radius: 6px;-moz-border-radius: 6px;-webkit-border-radius: 6px; \">Lascia una recensione<i class=\"qode_icon_font_awesome fa fa-star qode_button_icon_element\" style=\"\" ><\/i><\/a>[\/vc_column_inner][\/vc_row_inner][\/vc_column][\/vc_row][vc_row css_animation=&#8221;&#8221; row_type=&#8221;row&#8221; use_row_as_full_screen_section=&#8221;no&#8221; type=&#8221;full_width&#8221; angled_section=&#8221;no&#8221; text_align=&#8221;left&#8221; background_image_as_pattern=&#8221;without_pattern&#8221; row_negative_margin=&#8221;disable_negative_margin&#8221; css=&#8221;.vc_custom_1526310293017{margin-top: -10px !important;margin-right: 10px !important;margin-bottom: 35px !important;margin-left: 10px !important;}&#8221; z_index=&#8221;999999&#8243;][vc_column offset=&#8221;vc_hidden-sm vc_hidden-xs&#8221;][vc_column_text]<\/p>\n<div class=\"n2-code n2-ss-slider-shortcode-id\"><div id=\"mega-menu-wrap-max_mega_menu_1\" class=\"mega-menu-wrap\"><div class=\"mega-menu-toggle\"><div class=\"mega-toggle-blocks-left\"><\/div><div class=\"mega-toggle-blocks-center\"><\/div><div class=\"mega-toggle-blocks-right\"><div class='mega-toggle-block mega-menu-toggle-block mega-toggle-block-1' id='mega-toggle-block-1' tabindex='0'><span class='mega-toggle-label' role='button' aria-expanded='false'><span class='mega-toggle-label-closed'>MENU<\/span><span class='mega-toggle-label-open'>MENU<\/span><\/span><\/div><\/div><\/div><ul id=\"mega-menu-max_mega_menu_1\" class=\"mega-menu max-mega-menu mega-menu-horizontal mega-no-js\" data-event=\"hover_intent\" data-effect=\"slide\" data-effect-speed=\"200\" data-effect-mobile=\"disabled\" data-effect-speed-mobile=\"0\" data-mobile-force-width=\"false\" data-second-click=\"close\" data-document-click=\"collapse\" data-vertical-behaviour=\"standard\" data-breakpoint=\"600\" data-unbind=\"true\" data-mobile-state=\"collapse_all\" data-hover-intent-timeout=\"300\" data-hover-intent-interval=\"100\"><li class='mega-menu-item mega-menu-item-type-post_type mega-menu-item-object-page mega-menu-item-home mega-align-bottom-left mega-menu-flyout mega-menu-item-390' id='mega-menu-item-390'><a class=\"mega-menu-link\" href=\"https:\/\/sanitasenzaproblemi.it\/strutture\/campania\/hermitage-capodimonte-napoli\/\" tabindex=\"0\">La Struttura<\/a><\/li><li class='mega-menu-item mega-menu-item-type-custom mega-menu-item-object-custom mega-menu-item-has-children mega-align-bottom-left mega-menu-flyout mega-menu-item-1995' id='mega-menu-item-1995'><a class=\"mega-menu-link\" href=\"#\" aria-haspopup=\"true\" aria-expanded=\"false\" tabindex=\"0\">Specialistica<span class=\"mega-indicator\"><\/span><\/a>\n<ul class=\"mega-sub-menu\">\n<li class='mega-menu-item mega-menu-item-type-post_type mega-menu-item-object-page mega-menu-item-2000' id='mega-menu-item-2000'><a class=\"mega-menu-link\" href=\"https:\/\/sanitasenzaproblemi.it\/strutture\/campania\/hermitage-capodimonte-napoli\/cardiologia\/\">Cardiologia<\/a><\/li><li class='mega-menu-item mega-menu-item-type-post_type mega-menu-item-object-page mega-menu-item-2013' id='mega-menu-item-2013'><a class=\"mega-menu-link\" href=\"https:\/\/sanitasenzaproblemi.it\/strutture\/campania\/hermitage-capodimonte-napoli\/cura-dell-obesita\/\">Cura dell\u2019obesit\u00e0<\/a><\/li><li class='mega-menu-item mega-menu-item-type-post_type mega-menu-item-object-page mega-menu-item-2007' id='mega-menu-item-2007'><a class=\"mega-menu-link\" href=\"https:\/\/sanitasenzaproblemi.it\/strutture\/campania\/hermitage-capodimonte-napoli\/neurologia\/\">Neurologia<\/a><\/li><li class='mega-menu-item mega-menu-item-type-post_type mega-menu-item-object-page mega-menu-item-2004' id='mega-menu-item-2004'><a class=\"mega-menu-link\" href=\"https:\/\/sanitasenzaproblemi.it\/strutture\/campania\/hermitage-capodimonte-napoli\/neurofisiopatologia\/\">Neurofisiopatologia<\/a><\/li><li class='mega-menu-item mega-menu-item-type-post_type mega-menu-item-object-page mega-menu-item-has-children mega-menu-item-2022' id='mega-menu-item-2022'><a class=\"mega-menu-link\" href=\"https:\/\/sanitasenzaproblemi.it\/strutture\/campania\/hermitage-capodimonte-napoli\/riabilitazione-funzionale-post-intensiva\/\" aria-haspopup=\"true\" aria-expanded=\"false\">Riabilitazione Funzionale Post Intensiva (cod. 56)<span class=\"mega-indicator\"><\/span><\/a>\n\t<ul class=\"mega-sub-menu\">\n<li class='mega-menu-item mega-menu-item-type-post_type mega-menu-item-object-page mega-menu-item-2027' id='mega-menu-item-2027'><a class=\"mega-menu-link\" href=\"https:\/\/sanitasenzaproblemi.it\/strutture\/campania\/hermitage-capodimonte-napoli\/riabilitazione-neurologica\/\">Settore A \u2013 Riabilitazione Neurologica (cod. 56)<\/a><\/li><li class='mega-menu-item mega-menu-item-type-post_type mega-menu-item-object-page mega-menu-item-2032' id='mega-menu-item-2032'><a class=\"mega-menu-link\" href=\"https:\/\/sanitasenzaproblemi.it\/strutture\/campania\/hermitage-capodimonte-napoli\/riabilitazione-cardiologica\/\">Settore B \u2013 Riabilitazione Cardiologica (cod. 56)<\/a><\/li><li class='mega-menu-item mega-menu-item-type-post_type mega-menu-item-object-page mega-menu-item-2035' id='mega-menu-item-2035'><a class=\"mega-menu-link\" href=\"https:\/\/sanitasenzaproblemi.it\/strutture\/campania\/hermitage-capodimonte-napoli\/riabilitazione-respiratoria\/\">Settore C \u2013 Riabilitazione Respiratoria (cod. 56)<\/a><\/li><li class='mega-menu-item mega-menu-item-type-post_type mega-menu-item-object-page mega-menu-item-2039' id='mega-menu-item-2039'><a class=\"mega-menu-link\" href=\"https:\/\/sanitasenzaproblemi.it\/strutture\/campania\/hermitage-capodimonte-napoli\/riabilitazione-ortopedica\/\">Settore D \u2013 Riabilitazione Ortopedica (cod. 56)<\/a><\/li>\t<\/ul>\n<\/li><li class='mega-menu-item mega-menu-item-type-post_type mega-menu-item-object-page mega-menu-item-2018' id='mega-menu-item-2018'><a class=\"mega-menu-link\" href=\"https:\/\/sanitasenzaproblemi.it\/strutture\/campania\/hermitage-capodimonte-napoli\/riabilitazione-psichiatrica\/\">Riabilitazione Psichiatrica (cod. 60)<\/a><\/li><\/ul>\n<\/li><li class='mega-menu-item mega-menu-item-type-custom mega-menu-item-object-custom mega-menu-item-has-children mega-align-bottom-left mega-menu-flyout mega-menu-item-475' id='mega-menu-item-475'><a class=\"mega-menu-link\" href=\"#\" aria-haspopup=\"true\" aria-expanded=\"false\" tabindex=\"0\">Diagnostica<span class=\"mega-indicator\"><\/span><\/a>\n<ul class=\"mega-sub-menu\">\n<li class='mega-menu-item mega-menu-item-type-post_type mega-menu-item-object-page mega-menu-item-1997' id='mega-menu-item-1997'><a class=\"mega-menu-link\" href=\"https:\/\/sanitasenzaproblemi.it\/strutture\/campania\/hermitage-capodimonte-napoli\/radiologia-e-diagnostica-per-immagini\/\">Radiologia e Diagnostica per Immagini<\/a><\/li><li class='mega-menu-item mega-menu-item-type-post_type mega-menu-item-object-page mega-menu-item-2010' id='mega-menu-item-2010'><a class=\"mega-menu-link\" href=\"https:\/\/sanitasenzaproblemi.it\/strutture\/campania\/hermitage-capodimonte-napoli\/laboratorio-di-analisi-cliniche\/\">Laboratorio di Analisi Cliniche<\/a><\/li><\/ul>\n<\/li><\/ul><\/div><\/div>\n<p>[\/vc_column_text][\/vc_column][\/vc_row][vc_row css_animation=&#8221;&#8221; row_type=&#8221;row&#8221; use_row_as_full_screen_section=&#8221;yes&#8221; type=&#8221;full_width&#8221; angled_section=&#8221;no&#8221; text_align=&#8221;left&#8221; background_image_as_pattern=&#8221;without_pattern&#8221; row_negative_margin=&#8221;disable_negative_margin&#8221; z_index=&#8221;&#8221; css=&#8221;.vc_custom_1523372173326{margin-top: 20px !important;margin-right: 23px !important;margin-left: 10px !important;}&#8221;][vc_column width=&#8221;2\/3&#8243; el_id=&#8221;contenuto_pagina&#8221; css=&#8221;.vc_custom_1523436649154{padding-left: 20px !important;}&#8221;][vc_column_text]<\/p>\n<h1><em><span style=\"color: #007ac7;\">La Struttura<br \/>\n<\/span><\/em><\/h1>\n<p>[\/vc_column_text][vc_empty_space height=&#8221;20px&#8221;][vc_column_text]<\/p>\n<div class=\"storycontent\">\n<p><strong>L\u2019 Istituto di Diagnosi e Cura Hermitage Capodimonte <\/strong>costituisce un complesso integrato, che ha lo scopo di curare il paziente con la prospettiva della cura alla persona in quanto essere umano.<\/p>\n<p><strong>Immerso in un oasi di pace<\/strong>, realizzato evitando qualsiasi barriera architettonica, <strong>Hermitage Capodimonte \u00e8 dotato di 269 posti letto<\/strong> con la seguente suddivisione per servizi:<\/p>\n<ul>\n<li class=\"first\">44 posti per riabilitazione psichiatrica;<\/li>\n<li>76 posti per riabilitazione funzionale post intensiva (cod. 56);<\/li>\n<li>130 posti per lungodegenza internistica e riabilitativa;<\/li>\n<li class=\"last\">19 posti autorizzati e non accreditati per riabilitazione neurologica.<\/li>\n<\/ul>\n<p>&nbsp;<\/p>\n<p>Gli utenti ricoverati possono usufruire di palestre per riabilitazione neurologica, cardiologica, respiratoria, piscine e vasche per idrochinesiterapia.<\/p>\n<p>&nbsp;<\/p>\n<p>Nella Struttura sono inoltre disponibili i seguenti servizi (utilizzabili anche da utenti esterni in regime di convenzione con il Servizio Sanitario Nazionale):<\/p>\n<ul>\n<li class=\"first\">ambulatorio di neurologia;<\/li>\n<li class=\"first\">ambulatorio di cardiologia;<\/li>\n<li class=\"first\">ambulatorio di endocrinologia;<\/li>\n<li class=\"first\">ambulatorio di urologia;<\/li>\n<li class=\"first\">laboratorio di patologia clinica;<\/li>\n<li>diagnostica per immagini, radiologia convenzionale, TAC, RMN( solo per pazienti ricoverati);<\/li>\n<li>diagnostica neurologica (EEG, EMG, ENG, potenziali evocati);<\/li>\n<li class=\"last\">diagnostica cardiologica (ECG, ECG Holter, ecodoppler cardiaco, arterioso e venoso, Holter Pressorio).<\/li>\n<\/ul>\n<p>&nbsp;<\/p>\n<p><strong>Modalit\u00e0 di accesso:<\/strong><br \/>\nPer accedere al ricovero \u00e8 necessario effettuare la prenotazione al numero CUP 081 0010 202.<br \/>\nAl solo scopo di verificare se la Struttura \u00e8 la pi\u00f9 idonea al tipo di patologia e alle condizioni cliniche del paziente per cui si richiede il ricovero, \u00e8 opportuno che colui che effettua la prenotazione sia in grado di fornire alcune informazioni essenziali sullo stato del paziente (diagnosi presunta, terapie particolari, necessit\u00e0 di supporti speciali, grado di autonomia).<\/p>\n<\/div>\n<p>&nbsp;<\/p>\n<p>&nbsp;<\/p>\n<p><strong>Per prenotazioni<\/strong> o informazioni, scegliere una delle seguenti modalit\u00e0:<\/p>\n<ul>\n<li><strong>telefonare <\/strong>al numero del Centro Unico di Prenotazione (CUP): <strong>081 0010202;<\/strong><\/li>\n<li><strong>compilare il modulo<\/strong> di prenotazione online, che puoi trovare cliccando <a href=\"https:\/\/sanitasenzaproblemi.it\/prenotazione-online\/\"><strong>qui<\/strong><\/a>;<\/li>\n<li><strong>scarica l&#8217;app<\/strong> di Sanit\u00e0 Senza Problemi, disponibile su <a href=\"https:\/\/sanitasenzaproblemi.it\/prenotazione-online\/\"><strong>Google Play Store<\/strong> <\/a>e<a href=\"https:\/\/apps.apple.com\/it\/app\/sanit%C3%A0-senza-problemi\/id1556890426\"> <strong>App Store<\/strong><\/a>.<\/li>\n<\/ul>\n<p>[\/vc_column_text][vc_empty_space height=&#8221;60px&#8221;][\/vc_column][vc_column width=&#8221;1\/3&#8243; css=&#8221;.vc_custom_1523434258486{margin-top: 0px !important;}&#8221; el_id=&#8221;contenuto_sidebar&#8221;][vc_row_inner row_type=&#8221;row&#8221; type=&#8221;full_width&#8221; text_align=&#8221;left&#8221; css_animation=&#8221;&#8221; css=&#8221;.vc_custom_1523277161124{margin-bottom: 20px !important;}&#8221;][vc_column_inner css=&#8221;.vc_custom_1523432595586{border-top-width: 1px !important;border-right-width: 1px !important;border-bottom-width: 1px !important;border-left-width: 1px !important;padding-top: 0px !important;padding-bottom: 0px !important;background-color: #eceff1 !important;border-radius: 5px !important;}&#8221;][vc_column_text]<\/p>\n<div style=\"background-color: #007ac7; width: 100%; margin: 0px 0px 0px -15px; padding: 10px 0px 10px 30px; border-radius: 5px 5px 0 0;\">\n<h2 style=\"color: white; margin-left: inherit; font-weight: 400;\">\u2685 Foto della Struttura<\/h2>\n<\/div>\n<p>[\/vc_column_text][vc_empty_space height=&#8221;20px&#8221;][vc_column_text]<\/p>\n<div class=\"n2-code n2-ss-slider-shortcode-id\"><\/div>\n<p>[\/vc_column_text][vc_empty_space height=&#8221;20px&#8221;][\/vc_column_inner][\/vc_row_inner][vc_row_inner row_type=&#8221;row&#8221; type=&#8221;full_width&#8221; text_align=&#8221;left&#8221; css_animation=&#8221;&#8221;][vc_column_inner css=&#8221;.vc_custom_1523363711376{border-top-width: 1px !important;border-right-width: 1px !important;border-bottom-width: 1px !important;border-left-width: 1px !important;padding-top: 0px !important;padding-left: 20px !important;background-color: #eceff1 !important;border-left-color: #eceff1 !important;border-left-style: solid !important;border-right-color: #eceff1 !important;border-right-style: solid !important;border-top-color: #eceff1 !important;border-top-style: solid !important;border-bottom-color: #eceff1 !important;border-bottom-style: solid !important;border-radius: 5px !important;}&#8221; el_id=&#8221;elenco_recensioni_sidebar&#8221;][vc_column_text]<\/p>\n<div style=\"background-color: #007ac7; width: 100%; margin: 0px 0px 0px -19px; padding: 10px 2px 10px 32px; border-radius: 5px 5px 0 0;\">\n<h2 style=\"color: white; margin-left: inherit; font-weight: 400;\">\u2605 Recensioni sulla Struttura<\/h2>\n<\/div>\n<p>[\/vc_column_text][vc_empty_space height=&#8221;20px&#8221;][vc_widget_sidebar sidebar_id=&#8221;Custom Widget per visualizzare recensioni&#8221;][\/vc_column_inner][\/vc_row_inner][vc_row_inner row_type=&#8221;expandable&#8221; text_align=&#8221;left&#8221; button_position=&#8221;center&#8221; anchor=&#8221;lascia_recensione&#8221; more_button_label=&#8221;LASCIA UNA RECENSIONE&#8221; less_button_label=&#8221;Nascondi&#8221; expandable_content_top_padding=&#8221;0&#8243; css=&#8221;.vc_custom_1523434936272{margin-bottom: 20px !important;}&#8221;][vc_column_inner css=&#8221;.vc_custom_1523434932650{border-top-width: 1px !important;border-right-width: 1px !important;border-bottom-width: 1px !important;border-left-width: 1px !important;padding-top: 0px !important;padding-left: 20px !important;background-color: #eceff1 !important;border-left-color: #eceff1 !important;border-left-style: solid !important;border-right-color: #eceff1 !important;border-right-style: solid !important;border-top-color: #eceff1 !important;border-top-style: solid !important;border-bottom-color: #eceff1 !important;border-bottom-style: solid !important;border-radius: 5px !important;}&#8221;][vc_empty_space height=&#8221;20px&#8221;][vc_widget_sidebar sidebar_id=&#8221;Custom Widget per lasciare recensioni&#8221;][\/vc_column_inner][\/vc_row_inner][\/vc_column][\/vc_row]<\/p>\n","protected":false},"excerpt":{"rendered":"<p>[vc_row css_animation=&#8221;&#8221; row_type=&#8221;row&#8221; use_row_as_full_screen_section=&#8221;no&#8221; type=&#8221;full_width&#8221; angled_section=&#8221;no&#8221; text_align=&#8221;left&#8221; background_image_as_pattern=&#8221;without_pattern&#8221; css=&#8221;.vc_custom_1523262176370{background-color: #007ac7 !important;}&#8221; z_index=&#8221;&#8221;][vc_column offset=&#8221;vc_hidden-xs&#8221; css=&#8221;.vc_custom_1523435020780{margin-bottom: 0px !important;}&#8221;][vc_single_image source=&#8221;external_link&#8221; alignment=&#8221;center&#8221; qode_css_animation=&#8221;element_from_fade&#8221; custom_src=&#8221;http:\/\/sanitasenzaproblemi.it\/wp-content\/uploads\/num_cup_prenota_online_homepage.jpg&#8221;][\/vc_column][\/vc_row][vc_row css_animation=&#8221;element_from_fade&#8221; row_type=&#8221;row&#8221; use_row_as_full_screen_section=&#8221;no&#8221; type=&#8221;full_width&#8221; angled_section=&#8221;no&#8221; text_align=&#8221;left&#8221; background_image_as_pattern=&#8221;without_pattern&#8221; css=&#8221;.vc_custom_1523372181026{margin-top: 0px !important;margin-right: 23px !important;margin-bottom: 0px !important;margin-left: 10px !important;}&#8221; z_index=&#8221;&#8221;][vc_column css_animation=&#8221;none&#8221; width=&#8221;8\/12&#8243; offset=&#8221;vc_hidden-sm vc_hidden-xs&#8221; css=&#8221;.vc_custom_1523352176548{margin-top: 20px !important;margin-bottom: 20px&#8230;<\/p>\n","protected":false},"author":1,"featured_media":0,"parent":0,"menu_order":0,"comment_status":"closed","ping_status":"closed","template":"full_width.php","meta":[],"_links":{"self":[{"href":"https:\/\/sanitasenzaproblemi.it\/strutture\/campania\/hermitage-capodimonte-napoli\/wp-json\/wp\/v2\/pages\/61"}],"collection":[{"href":"https:\/\/sanitasenzaproblemi.it\/strutture\/campania\/hermitage-capodimonte-napoli\/wp-json\/wp\/v2\/pages"}],"about":[{"href":"https:\/\/sanitasenzaproblemi.it\/strutture\/campania\/hermitage-capodimonte-napoli\/wp-json\/wp\/v2\/types\/page"}],"author":[{"embeddable":true,"href":"https:\/\/sanitasenzaproblemi.it\/strutture\/campania\/hermitage-capodimonte-napoli\/wp-json\/wp\/v2\/users\/1"}],"replies":[{"embeddable":true,"href":"https:\/\/sanitasenzaproblemi.it\/strutture\/campania\/hermitage-capodimonte-napoli\/wp-json\/wp\/v2\/comments?post=61"}],"version-history":[{"count":2,"href":"https:\/\/sanitasenzaproblemi.it\/strutture\/campania\/hermitage-capodimonte-napoli\/wp-json\/wp\/v2\/pages\/61\/revisions"}],"predecessor-version":[{"id":2050,"href":"https:\/\/sanitasenzaproblemi.it\/strutture\/campania\/hermitage-capodimonte-napoli\/wp-json\/wp\/v2\/pages\/61\/revisions\/2050"}],"wp:attachment":[{"href":"https:\/\/sanitasenzaproblemi.it\/strutture\/campania\/hermitage-capodimonte-napoli\/wp-json\/wp\/v2\/media?parent=61"}],"curies":[{"name":"wp","href":"https:\/\/api.w.org\/{rel}","templated":true}]}}