{"id":61,"date":"2018-03-30T15:37:23","date_gmt":"2018-03-30T13:37:23","guid":{"rendered":"http:\/\/sanitasenzaproblemi.it\/strutture\/campania\/medicina-futura-clinica-san-felice\/?page_id=61"},"modified":"2022-07-18T13:26:45","modified_gmt":"2022-07-18T11:26:45","slug":"chi-siamo","status":"publish","type":"page","link":"https:\/\/sanitasenzaproblemi.it\/strutture\/campania\/clinica-santa-maria-del-pozzo-somma-vesuviana\/","title":{"rendered":"La Struttura"},"content":{"rendered":"<p>[vc_row css_animation=&#8221;&#8221; row_type=&#8221;row&#8221; use_row_as_full_screen_section=&#8221;no&#8221; type=&#8221;full_width&#8221; angled_section=&#8221;no&#8221; text_align=&#8221;left&#8221; background_image_as_pattern=&#8221;without_pattern&#8221; css=&#8221;.vc_custom_1523262176370{background-color: #007ac7 !important;}&#8221; z_index=&#8221;&#8221;][vc_column offset=&#8221;vc_hidden-xs&#8221; css=&#8221;.vc_custom_1523435020780{margin-bottom: 0px !important;}&#8221;][vc_single_image source=&#8221;external_link&#8221; alignment=&#8221;center&#8221; qode_css_animation=&#8221;element_from_fade&#8221; custom_src=&#8221;http:\/\/sanitasenzaproblemi.it\/wp-content\/uploads\/num_cup_prenota_online_homepage.jpg&#8221;][\/vc_column][\/vc_row][vc_row css_animation=&#8221;element_from_fade&#8221; row_type=&#8221;row&#8221; use_row_as_full_screen_section=&#8221;no&#8221; type=&#8221;full_width&#8221; angled_section=&#8221;no&#8221; text_align=&#8221;left&#8221; background_image_as_pattern=&#8221;without_pattern&#8221; css=&#8221;.vc_custom_1523372181026{margin-top: 0px !important;margin-right: 23px !important;margin-bottom: 0px !important;margin-left: 10px !important;}&#8221; z_index=&#8221;&#8221;][vc_column css_animation=&#8221;none&#8221; width=&#8221;8\/12&#8243; offset=&#8221;vc_hidden-sm vc_hidden-xs&#8221; css=&#8221;.vc_custom_1523352176548{margin-top: 20px !important;margin-bottom: 20px !important;}&#8221;][vc_row_inner row_type=&#8221;row&#8221; type=&#8221;full_width&#8221; text_align=&#8221;left&#8221; css_animation=&#8221;&#8221;][vc_column_inner width=&#8221;1\/4&#8243;][vc_empty_space height=&#8221;10px&#8221;][vc_single_image image=&#8221;2362&#8243; alignment=&#8221;center&#8221; qode_css_animation=&#8221;element_from_left&#8221;][\/vc_column_inner][vc_column_inner width=&#8221;3\/4&#8243; css=&#8221;.vc_custom_1523443640920{margin-left: -25px !important;}&#8221;][vc_empty_space height=&#8221;25px&#8221;][vc_column_text el_class=&#8221;centrato_in_mobile&#8221;]<\/p>\n<h2><em><span style=\"color: #007ac7;\">Clinica Santa Maria del Pozzo<br \/>\n<\/span><\/em><\/h2>\n<p>Via Pomigliano 40, Somma Vesuviana &#8211; 80049 (NA)[\/vc_column_text]<a  itemprop=\"url\" href=\"https:\/\/www.google.com\/maps\/place\/Santa+Maria+del+Pozzo\/@40.8904432,14.4240171,15z\/data=!4m2!3m1!1s0x0:0xb49546e01452ebe1?sa=X&amp;ved=0ahUKEwjSkoS2qPjaAhXJvxQKHYxtD9QQ_BII1QEwCg\" target=\"_blank\"  class=\"qbutton  small center default\" style=\"margin: 5px 0 0 0; border-radius: 5px;-moz-border-radius: 5px;-webkit-border-radius: 5px; \">Indicazioni stradali<\/a>[\/vc_column_inner][\/vc_row_inner][\/vc_column][vc_column width=&#8221;4\/12&#8243; css=&#8221;.vc_custom_1523434245058{border-radius: 5px !important;}&#8221; el_id=&#8221;bottoni_sidebar&#8221; offset=&#8221;vc_hidden-sm vc_hidden-xs&#8221;]<a id=\"btn_sotto_titolo_struttura\" itemprop=\"url\" href=\"http:\/\/sanitasenzaproblemi.it\/prenotazione-online\/\" target=\"_blank\"  class=\"qbutton  big_large center default\" style=\"border-radius: 5px;-moz-border-radius: 5px;-webkit-border-radius: 5px; \">Prenota online<\/a>[vc_empty_space height=&#8221;25px&#8221;]<a id=\"btn_sotto_titolo_struttura\" itemprop=\"url\" href=\"#lascia_recensione\" target=\"_self\"  class=\"qbutton  big_large center default\" style=\"border-radius: 5px;-moz-border-radius: 5px;-webkit-border-radius: 5px; \">Lascia una recensione<\/a>[\/vc_column][\/vc_row][vc_row css_animation=&#8221;&#8221; row_type=&#8221;row&#8221; use_row_as_full_screen_section=&#8221;no&#8221; type=&#8221;full_width&#8221; angled_section=&#8221;no&#8221; text_align=&#8221;left&#8221; background_image_as_pattern=&#8221;without_pattern&#8221; css=&#8221;.vc_custom_1524753329252{margin-top: 0px !important;margin-right: 10px !important;margin-bottom: 20px !important;margin-left: 10px !important;}&#8221; z_index=&#8221;&#8221;][vc_column offset=&#8221;vc_hidden-lg vc_hidden-md&#8221;][vc_row_inner row_type=&#8221;row&#8221; type=&#8221;full_width&#8221; text_align=&#8221;center&#8221; css_animation=&#8221;&#8221;][vc_column_inner css=&#8221;.vc_custom_1523352273346{margin-top: 0px !important;margin-bottom: 25px !important;}&#8221;][vc_single_image image=&#8221;2362&#8243; img_size=&#8221;full&#8221; alignment=&#8221;center&#8221; qode_css_animation=&#8221;&#8221;][vc_empty_space][vc_column_text el_class=&#8221;centrato_in_mobile&#8221;]<\/p>\n<h2><em><span style=\"color: #007ac7;\">Clinica Santa Maria del Pozzo<br \/>\n<\/span><\/em><\/h2>\n<p>Via Pomigliano 40, Somma Vesuviana &#8211; 80049 (NA)[\/vc_column_text][\/vc_column_inner][\/vc_row_inner][vc_row_inner row_type=&#8221;row&#8221; type=&#8221;full_width&#8221; text_align=&#8221;center&#8221; css_animation=&#8221;&#8221; css=&#8221;.vc_custom_1523279480784{margin-top: 5px !important;}&#8221;][vc_column_inner]<a id=\"btn_sotto_titolo_struttura_mobile\" itemprop=\"url\" href=\"tel:0810010202\" target=\"_blank\"  class=\"qbutton  big_large center default\" style=\"margin: 10px 0px 10px 0px; border-radius: 6px;-moz-border-radius: 6px;-webkit-border-radius: 6px; \">Chiama e prenota<i class=\"qode_icon_font_awesome fa fa-phone qode_button_icon_element\" style=\"\" ><\/i><\/a><a id=\"btn_sotto_titolo_struttura_mobile\" itemprop=\"url\" href=\"http:\/\/sanitasenzaproblemi.it\/prenotazione-online\/\" target=\"_blank\"  class=\"qbutton  big_large center default\" style=\"margin: 10px 0px 10px 0px; border-radius: 6px;-moz-border-radius: 6px;-webkit-border-radius: 6px; \">Prenota online<i class=\"qode_icon_font_awesome fa fa-align-justify qode_button_icon_element\" style=\"\" ><\/i><\/a><a id=\"btn_sotto_titolo_struttura_mobile\" itemprop=\"url\" href=\"https:\/\/www.google.com\/maps\/place\/Santa+Maria+del+Pozzo\/@40.8904432,14.4240171,15z\/data=!4m2!3m1!1s0x0:0xb49546e01452ebe1?sa=X&amp;ved=0ahUKEwjSkoS2qPjaAhXJvxQKHYxtD9QQ_BII1QEwCg\" target=\"_blank\"  class=\"qbutton  big_large center default\" style=\"margin: 10px 0px 10px 0px; border-radius: 6px;-moz-border-radius: 6px;-webkit-border-radius: 6px; \">Avvia navigatore GPS<i class=\"qode_icon_font_awesome fa fa-map-marker qode_button_icon_element\" style=\"\" ><\/i><\/a><a id=\"btn_sotto_titolo_struttura_mobile\" itemprop=\"url\" href=\"#lascia_recensione\" target=\"_self\"  class=\"qbutton  big_large center default\" style=\"margin: 10px 0px 10px 0px; border-radius: 6px;-moz-border-radius: 6px;-webkit-border-radius: 6px; \">Lascia una recensione<i class=\"qode_icon_font_awesome fa fa-star qode_button_icon_element\" style=\"\" ><\/i><\/a>[\/vc_column_inner][\/vc_row_inner][\/vc_column][\/vc_row][vc_row css_animation=&#8221;&#8221; row_type=&#8221;row&#8221; use_row_as_full_screen_section=&#8221;no&#8221; type=&#8221;full_width&#8221; angled_section=&#8221;no&#8221; text_align=&#8221;left&#8221; background_image_as_pattern=&#8221;without_pattern&#8221; row_negative_margin=&#8221;disable_negative_margin&#8221; css=&#8221;.vc_custom_1523443660232{margin-right: 10px !important;margin-bottom: 35px !important;margin-left: 10px !important;}&#8221; z_index=&#8221;999999&#8243;][vc_column offset=&#8221;vc_hidden-sm vc_hidden-xs&#8221;][vc_column_text]<\/p>\n<div class=\"n2-code n2-ss-slider-shortcode-id\"><div id=\"mega-menu-wrap-max_mega_menu_1\" class=\"mega-menu-wrap\"><div class=\"mega-menu-toggle\"><div class=\"mega-toggle-blocks-left\"><\/div><div class=\"mega-toggle-blocks-center\"><\/div><div class=\"mega-toggle-blocks-right\"><div class='mega-toggle-block mega-menu-toggle-block mega-toggle-block-1' id='mega-toggle-block-1' tabindex='0'><span class='mega-toggle-label' role='button' aria-expanded='false'><span class='mega-toggle-label-closed'>MENU<\/span><span class='mega-toggle-label-open'>MENU<\/span><\/span><\/div><\/div><\/div><ul id=\"mega-menu-max_mega_menu_1\" class=\"mega-menu max-mega-menu mega-menu-horizontal mega-no-js\" data-event=\"hover_intent\" data-effect=\"slide\" data-effect-speed=\"200\" data-effect-mobile=\"disabled\" data-effect-speed-mobile=\"0\" data-mobile-force-width=\"false\" data-second-click=\"close\" data-document-click=\"collapse\" data-vertical-behaviour=\"standard\" data-breakpoint=\"600\" data-unbind=\"true\" data-mobile-state=\"collapse_all\" data-hover-intent-timeout=\"300\" data-hover-intent-interval=\"100\"><li class='mega-menu-item mega-menu-item-type-post_type mega-menu-item-object-page mega-menu-item-home mega-align-bottom-left mega-menu-flyout mega-menu-item-390' id='mega-menu-item-390'><a class=\"mega-menu-link\" href=\"https:\/\/sanitasenzaproblemi.it\/strutture\/campania\/clinica-santa-maria-del-pozzo-somma-vesuviana\/\" tabindex=\"0\">La Struttura<\/a><\/li><li class='mega-menu-item mega-menu-item-type-post_type mega-menu-item-object-page mega-menu-item-has-children mega-align-bottom-left mega-menu-flyout mega-menu-item-2382' id='mega-menu-item-2382'><a class=\"mega-menu-link\" href=\"https:\/\/sanitasenzaproblemi.it\/strutture\/campania\/clinica-santa-maria-del-pozzo-somma-vesuviana\/servizi-diagnostici\/\" aria-haspopup=\"true\" aria-expanded=\"false\" tabindex=\"0\">Diagnostica<span class=\"mega-indicator\"><\/span><\/a>\n<ul class=\"mega-sub-menu\">\n<li class='mega-menu-item mega-menu-item-type-post_type mega-menu-item-object-page mega-menu-item-2385' id='mega-menu-item-2385'><a class=\"mega-menu-link\" href=\"https:\/\/sanitasenzaproblemi.it\/strutture\/campania\/clinica-santa-maria-del-pozzo-somma-vesuviana\/radiologia-e-diagnostica-per-immagini\/\">Radiologia e Diagnostica per Immagini<\/a><\/li><li class='mega-menu-item mega-menu-item-type-post_type mega-menu-item-object-page mega-menu-item-2388' id='mega-menu-item-2388'><a class=\"mega-menu-link\" href=\"https:\/\/sanitasenzaproblemi.it\/strutture\/campania\/clinica-santa-maria-del-pozzo-somma-vesuviana\/laboratorio-di-analisi\/\">Laboratorio di Analisi<\/a><\/li><\/ul>\n<\/li><li class='mega-menu-item mega-menu-item-type-custom mega-menu-item-object-custom mega-menu-item-has-children mega-align-bottom-left mega-menu-flyout mega-menu-item-2393' id='mega-menu-item-2393'><a class=\"mega-menu-link\" href=\"#\" aria-haspopup=\"true\" aria-expanded=\"false\" tabindex=\"0\">Specialistica<span class=\"mega-indicator\"><\/span><\/a>\n<ul class=\"mega-sub-menu\">\n<li class='mega-menu-item mega-menu-item-type-post_type mega-menu-item-object-page mega-menu-item-2391' id='mega-menu-item-2391'><a class=\"mega-menu-link\" href=\"https:\/\/sanitasenzaproblemi.it\/strutture\/campania\/clinica-santa-maria-del-pozzo-somma-vesuviana\/neurofisiopatologia\/\">Neurofisiopatologia<\/a><\/li><\/ul>\n<\/li><li class='mega-menu-item mega-menu-item-type-post_type mega-menu-item-object-page mega-align-bottom-left mega-menu-flyout mega-menu-item-2375' id='mega-menu-item-2375'><a class=\"mega-menu-link\" href=\"https:\/\/sanitasenzaproblemi.it\/strutture\/campania\/clinica-santa-maria-del-pozzo-somma-vesuviana\/area-ospedaliera\/\" tabindex=\"0\">Area Ospedaliera<\/a><\/li><li class='mega-menu-item mega-menu-item-type-post_type mega-menu-item-object-page mega-align-bottom-left mega-menu-flyout mega-menu-item-2379' id='mega-menu-item-2379'><a class=\"mega-menu-link\" href=\"https:\/\/sanitasenzaproblemi.it\/strutture\/campania\/clinica-santa-maria-del-pozzo-somma-vesuviana\/area-non-ospedaliera\/\" tabindex=\"0\">Area Non Ospedaliera<\/a><\/li><\/ul><\/div><\/div>\n<p>[\/vc_column_text][\/vc_column][\/vc_row][vc_row css_animation=&#8221;&#8221; row_type=&#8221;row&#8221; use_row_as_full_screen_section=&#8221;yes&#8221; type=&#8221;full_width&#8221; angled_section=&#8221;no&#8221; text_align=&#8221;left&#8221; background_image_as_pattern=&#8221;without_pattern&#8221; row_negative_margin=&#8221;disable_negative_margin&#8221; z_index=&#8221;&#8221; css=&#8221;.vc_custom_1523372173326{margin-top: 20px !important;margin-right: 23px !important;margin-left: 10px !important;}&#8221;][vc_column width=&#8221;2\/3&#8243; el_id=&#8221;contenuto_pagina&#8221; css=&#8221;.vc_custom_1523436649154{padding-left: 20px !important;}&#8221;][vc_column_text]<\/p>\n<h3><em><span style=\"color: #007ac7;\">La Struttura<br \/>\n<\/span><\/em><\/h3>\n<p>[\/vc_column_text][vc_empty_space height=&#8221;20px&#8221;][vc_column_text]A <strong>Somma Vesuviana<\/strong>, in localit\u00e0 <strong>Santa Maria del Pozzo<\/strong> sorge una modernissima <strong>Casa di Cura<\/strong> (10.000 mq. coperti) composta da quattro piani, con <strong>170 posti letto<\/strong> di cui 100 <strong>accreditati con il Servizio Sanitario Nazionale<\/strong> per le degenze di neuroriabilitazione post\u0096acuti.<\/p>\n<p>&nbsp;<\/p>\n<p>La Clinica \u00e8 dotata delle pi\u00f9 moderne attrezzature nel campo ospedaliero, della riabilitazione, dei servizi diagnostici.<\/p>\n<p>&nbsp;<\/p>\n<p>Uno dei maggiori punti di distinzione di questo centro \u00e8 il trattamento delle disabilit\u00e0 affrontate da equipe multidisciplinari che prendono in carico non solo pazienti adulti con patologie neurologiche in fase post\u0096acuta, ma anche neonati, bambini e adolescenti, di cui curano ambulatorialmente tutti i disturbi neurologici e psichiatrici sia congeniti che acquisiti (traumi da parto, esiti di traumi cranici e spinali, meningiti, ritardo dello sviluppo psicomotorio, disturbi del comportamento, disturbi dello spettro autistico, disturbi dell\u0092apprendimento, disturbi del comportamento alimentare, tumori cerebrali, etc.) Si usano le tecniche pi\u00f9 all\u0092\u2019avanguardia, anche di non comune attenzione, come la Pet Therapy, la Neuropsicomotricit\u00e0 in acqua, la Musicoterapia, per ottenere i migliori risultati.<\/p>\n<p>&nbsp;<\/p>\n<p>L\u2019\u0092organizzazione generale della Casa di Cura S. M. del Pozzo \u00e8 costruita su quattro aree di attivit\u00e0: sanitaria, amministrativa, didattica e scientifica, che devono garantire i propri specifici processi di qualit\u00e0.<\/p>\n<p>&nbsp;<\/p>\n<p>Le Direzioni operanti in tali aree sono governate dal Consiglio di Amministrazione e dagli \u0092Amministratori Delegati ed operano con le seguenti funzioni:<\/p>\n<ul>\n<li class=\"first\">standardizzare le attivit\u00e0;<\/li>\n<li class=\"last\">promuovere le sinergie anche in termini di risorse professionali e finanziarie tra le attivit\u00e0 di carattere sanitario e quelle svolte nelle altre aree<\/li>\n<\/ul>\n<p>&nbsp;<\/p>\n<p>&nbsp;<\/p>\n<p><strong>Per prenotazioni<\/strong> o informazioni, scegliere una delle seguenti modalit\u00e0:<\/p>\n<ul>\n<li><strong>telefonare <\/strong>al numero del Centro Unico di Prenotazione (CUP): <strong>081 0010202;<\/strong><\/li>\n<li><strong>compilare il modulo<\/strong> di prenotazione online, che puoi trovare cliccando<a href=\"https:\/\/sanitasenzaproblemi.it\/prenotazione-online\/\"><strong> qui<\/strong><\/a>;<\/li>\n<li><strong>scaricare l&#8217;app<\/strong> di Sanit\u00e0 Senza Problemi, disponibile su <a href=\"https:\/\/sanitasenzaproblemi.it\/prenotazione-online\/\"><strong>Google Play Store<\/strong><\/a> e <a href=\"https:\/\/apps.apple.com\/it\/app\/sanit%C3%A0-senza-problemi\/id1556890426\"><strong>App Store<\/strong><\/a>.<\/li>\n<\/ul>\n<p>[\/vc_column_text][vc_empty_space height=&#8221;60px&#8221;][\/vc_column][vc_column width=&#8221;1\/3&#8243; css=&#8221;.vc_custom_1523434258486{margin-top: 0px !important;}&#8221; el_id=&#8221;contenuto_sidebar&#8221;][vc_row_inner row_type=&#8221;row&#8221; type=&#8221;full_width&#8221; text_align=&#8221;left&#8221; css_animation=&#8221;&#8221; css=&#8221;.vc_custom_1523277161124{margin-bottom: 20px !important;}&#8221;][vc_column_inner css=&#8221;.vc_custom_1523432595586{border-top-width: 1px !important;border-right-width: 1px !important;border-bottom-width: 1px !important;border-left-width: 1px !important;padding-top: 0px !important;padding-bottom: 0px !important;background-color: #eceff1 !important;border-radius: 5px !important;}&#8221;][vc_column_text]<\/p>\n<div style=\"background-color: #007ac7; width: 100%; margin: 0px 0px 0px -15px; padding: 10px 0px 10px 30px; border-radius: 5px 5px 0 0;\">\n<h2 style=\"color: white; margin-left: inherit; font-weight: 400;\">\u2685 Foto della Struttura<\/h2>\n<\/div>\n<p>[\/vc_column_text][vc_empty_space height=&#8221;20px&#8221;][vc_column_text]<\/p>\n<div class=\"n2-code n2-ss-slider-shortcode-id\"><\/div>\n<p>[\/vc_column_text][vc_empty_space height=&#8221;20px&#8221;][\/vc_column_inner][\/vc_row_inner][vc_row_inner row_type=&#8221;row&#8221; type=&#8221;full_width&#8221; text_align=&#8221;left&#8221; css_animation=&#8221;&#8221;][vc_column_inner css=&#8221;.vc_custom_1523363711376{border-top-width: 1px !important;border-right-width: 1px !important;border-bottom-width: 1px !important;border-left-width: 1px !important;padding-top: 0px !important;padding-left: 20px !important;background-color: #eceff1 !important;border-left-color: #eceff1 !important;border-left-style: solid !important;border-right-color: #eceff1 !important;border-right-style: solid !important;border-top-color: #eceff1 !important;border-top-style: solid !important;border-bottom-color: #eceff1 !important;border-bottom-style: solid !important;border-radius: 5px !important;}&#8221; el_id=&#8221;elenco_recensioni_sidebar&#8221;][vc_column_text]<\/p>\n<div style=\"background-color: #007ac7; width: 100%; margin: 0px 0px 0px -19px; padding: 10px 2px 10px 32px; border-radius: 5px 5px 0 0;\">\n<h2 style=\"color: white; margin-left: inherit; font-weight: 400;\">\u2605 Recensioni sulla Struttura<\/h2>\n<\/div>\n<p>[\/vc_column_text][vc_empty_space height=&#8221;20px&#8221;][vc_widget_sidebar sidebar_id=&#8221;Custom Widget per visualizzare recensioni&#8221;][\/vc_column_inner][\/vc_row_inner][vc_row_inner row_type=&#8221;expandable&#8221; text_align=&#8221;left&#8221; button_position=&#8221;center&#8221; anchor=&#8221;lascia_recensione&#8221; more_button_label=&#8221;LASCIA UNA RECENSIONE&#8221; less_button_label=&#8221;Nascondi&#8221; expandable_content_top_padding=&#8221;0&#8243; css=&#8221;.vc_custom_1523434936272{margin-bottom: 20px !important;}&#8221;][vc_column_inner css=&#8221;.vc_custom_1523434932650{border-top-width: 1px !important;border-right-width: 1px !important;border-bottom-width: 1px !important;border-left-width: 1px !important;padding-top: 0px !important;padding-left: 20px !important;background-color: #eceff1 !important;border-left-color: #eceff1 !important;border-left-style: solid !important;border-right-color: #eceff1 !important;border-right-style: solid !important;border-top-color: #eceff1 !important;border-top-style: solid !important;border-bottom-color: #eceff1 !important;border-bottom-style: solid !important;border-radius: 5px !important;}&#8221;][vc_empty_space height=&#8221;20px&#8221;][vc_widget_sidebar sidebar_id=&#8221;Custom Widget per lasciare recensioni&#8221;][\/vc_column_inner][\/vc_row_inner][\/vc_column][\/vc_row]<\/p>\n","protected":false},"excerpt":{"rendered":"<p>[vc_row css_animation=&#8221;&#8221; row_type=&#8221;row&#8221; use_row_as_full_screen_section=&#8221;no&#8221; type=&#8221;full_width&#8221; angled_section=&#8221;no&#8221; text_align=&#8221;left&#8221; background_image_as_pattern=&#8221;without_pattern&#8221; css=&#8221;.vc_custom_1523262176370{background-color: #007ac7 !important;}&#8221; z_index=&#8221;&#8221;][vc_column offset=&#8221;vc_hidden-xs&#8221; css=&#8221;.vc_custom_1523435020780{margin-bottom: 0px !important;}&#8221;][vc_single_image source=&#8221;external_link&#8221; alignment=&#8221;center&#8221; qode_css_animation=&#8221;element_from_fade&#8221; custom_src=&#8221;http:\/\/sanitasenzaproblemi.it\/wp-content\/uploads\/num_cup_prenota_online_homepage.jpg&#8221;][\/vc_column][\/vc_row][vc_row css_animation=&#8221;element_from_fade&#8221; row_type=&#8221;row&#8221; use_row_as_full_screen_section=&#8221;no&#8221; type=&#8221;full_width&#8221; angled_section=&#8221;no&#8221; text_align=&#8221;left&#8221; background_image_as_pattern=&#8221;without_pattern&#8221; css=&#8221;.vc_custom_1523372181026{margin-top: 0px !important;margin-right: 23px !important;margin-bottom: 0px !important;margin-left: 10px !important;}&#8221; z_index=&#8221;&#8221;][vc_column css_animation=&#8221;none&#8221; width=&#8221;8\/12&#8243; offset=&#8221;vc_hidden-sm vc_hidden-xs&#8221; css=&#8221;.vc_custom_1523352176548{margin-top: 20px !important;margin-bottom: 20px&#8230;<\/p>\n","protected":false},"author":1,"featured_media":0,"parent":0,"menu_order":0,"comment_status":"closed","ping_status":"closed","template":"full_width.php","meta":[],"_links":{"self":[{"href":"https:\/\/sanitasenzaproblemi.it\/strutture\/campania\/clinica-santa-maria-del-pozzo-somma-vesuviana\/wp-json\/wp\/v2\/pages\/61"}],"collection":[{"href":"https:\/\/sanitasenzaproblemi.it\/strutture\/campania\/clinica-santa-maria-del-pozzo-somma-vesuviana\/wp-json\/wp\/v2\/pages"}],"about":[{"href":"https:\/\/sanitasenzaproblemi.it\/strutture\/campania\/clinica-santa-maria-del-pozzo-somma-vesuviana\/wp-json\/wp\/v2\/types\/page"}],"author":[{"embeddable":true,"href":"https:\/\/sanitasenzaproblemi.it\/strutture\/campania\/clinica-santa-maria-del-pozzo-somma-vesuviana\/wp-json\/wp\/v2\/users\/1"}],"replies":[{"embeddable":true,"href":"https:\/\/sanitasenzaproblemi.it\/strutture\/campania\/clinica-santa-maria-del-pozzo-somma-vesuviana\/wp-json\/wp\/v2\/comments?post=61"}],"version-history":[{"count":2,"href":"https:\/\/sanitasenzaproblemi.it\/strutture\/campania\/clinica-santa-maria-del-pozzo-somma-vesuviana\/wp-json\/wp\/v2\/pages\/61\/revisions"}],"predecessor-version":[{"id":2405,"href":"https:\/\/sanitasenzaproblemi.it\/strutture\/campania\/clinica-santa-maria-del-pozzo-somma-vesuviana\/wp-json\/wp\/v2\/pages\/61\/revisions\/2405"}],"wp:attachment":[{"href":"https:\/\/sanitasenzaproblemi.it\/strutture\/campania\/clinica-santa-maria-del-pozzo-somma-vesuviana\/wp-json\/wp\/v2\/media?parent=61"}],"curies":[{"name":"wp","href":"https:\/\/api.w.org\/{rel}","templated":true}]}}