{"id":2435,"date":"2018-08-30T12:59:07","date_gmt":"2018-08-30T10:59:07","guid":{"rendered":"http:\/\/sanitasenzaproblemi.it\/strutture\/campania\/clinic-center-napoli\/?page_id=2435"},"modified":"2018-08-30T15:38:41","modified_gmt":"2018-08-30T13:38:41","slug":"diagnostica-per-immagini","status":"publish","type":"page","link":"https:\/\/sanitasenzaproblemi.it\/strutture\/campania\/clinic-center-napoli\/diagnostica-per-immagini\/","title":{"rendered":"Radiologia e Diagnostica per immagini"},"content":{"rendered":"<p>[vc_row css_animation=&#8221;&#8221; row_type=&#8221;row&#8221; use_row_as_full_screen_section=&#8221;no&#8221; type=&#8221;full_width&#8221; angled_section=&#8221;no&#8221; text_align=&#8221;left&#8221; background_image_as_pattern=&#8221;without_pattern&#8221; css=&#8221;.vc_custom_1523262176370{background-color: #007ac7 !important;}&#8221; z_index=&#8221;&#8221;][vc_column offset=&#8221;vc_hidden-xs&#8221; css=&#8221;.vc_custom_1523435020780{margin-bottom: 0px !important;}&#8221;][vc_single_image source=&#8221;external_link&#8221; alignment=&#8221;center&#8221; qode_css_animation=&#8221;element_from_fade&#8221; custom_src=&#8221;http:\/\/sanitasenzaproblemi.it\/wp-content\/uploads\/num_cup_prenota_online_homepage.jpg&#8221;][\/vc_column][\/vc_row][vc_row css_animation=&#8221;element_from_fade&#8221; row_type=&#8221;row&#8221; use_row_as_full_screen_section=&#8221;no&#8221; type=&#8221;full_width&#8221; angled_section=&#8221;no&#8221; text_align=&#8221;left&#8221; background_image_as_pattern=&#8221;without_pattern&#8221; css=&#8221;.vc_custom_1523372181026{margin-top: 0px !important;margin-right: 23px !important;margin-bottom: 0px !important;margin-left: 10px !important;}&#8221; z_index=&#8221;&#8221;][vc_column css_animation=&#8221;none&#8221; width=&#8221;8\/12&#8243; offset=&#8221;vc_hidden-sm vc_hidden-xs&#8221; css=&#8221;.vc_custom_1523352176548{margin-top: 20px !important;margin-bottom: 20px !important;}&#8221;][vc_row_inner row_type=&#8221;row&#8221; type=&#8221;full_width&#8221; text_align=&#8221;left&#8221; css_animation=&#8221;&#8221;][vc_column_inner width=&#8221;1\/4&#8243;][vc_empty_space height=&#8221;10px&#8221;][vc_single_image image=&#8221;2396&#8243; alignment=&#8221;center&#8221; qode_css_animation=&#8221;element_from_left&#8221;][\/vc_column_inner][vc_column_inner width=&#8221;3\/4&#8243; css=&#8221;.vc_custom_1523443640920{margin-left: -25px !important;}&#8221;][vc_empty_space height=&#8221;25px&#8221;][vc_column_text el_class=&#8221;centrato_in_mobile&#8221;]<\/p>\n<h1><em><span style=\"color: #007ac7;\">Casa di Cura Clinic Center<\/span><\/em><\/h1>\n<p>Viale Maria Bakunin 171, Napoli &#8211; 80126 (NA)[\/vc_column_text]<a  itemprop=\"url\" href=\"https:\/\/www.google.com\/maps\/place\/Casa+di+Cura+per+Riabilitazione+Clinic+Center\/@40.8369458,14.1873298,15z\/data=!4m5!3m4!1s0x0:0x2e1e17befa2d02e8!8m2!3d40.8369458!4d14.1873298\" target=\"_blank\"  class=\"qbutton  small center default\" style=\"margin: 5px 0 0 0 ; border-radius: 5px;-moz-border-radius: 5px;-webkit-border-radius: 5px; \">Indicazioni stradali<\/a>[\/vc_column_inner][\/vc_row_inner][\/vc_column][vc_column width=&#8221;4\/12&#8243; css=&#8221;.vc_custom_1523434245058{border-radius: 5px !important;}&#8221; el_id=&#8221;bottoni_sidebar&#8221; offset=&#8221;vc_hidden-sm vc_hidden-xs&#8221;]<a id=\"btn_sotto_titolo_struttura\" itemprop=\"url\" href=\"http:\/\/sanitasenzaproblemi.it\/prenotazione-online\/\" target=\"_blank\"  class=\"qbutton  big_large center default\" style=\"border-radius: 5px;-moz-border-radius: 5px;-webkit-border-radius: 5px; \">Prenota online<\/a>[vc_empty_space height=&#8221;25px&#8221;]<a id=\"btn_sotto_titolo_struttura\" itemprop=\"url\" href=\"#lascia_recensione\" target=\"_self\"  class=\"qbutton  big_large center default\" style=\"border-radius: 5px;-moz-border-radius: 5px;-webkit-border-radius: 5px; \">Lascia una recensione<\/a>[\/vc_column][\/vc_row][vc_row css_animation=&#8221;&#8221; row_type=&#8221;row&#8221; use_row_as_full_screen_section=&#8221;no&#8221; type=&#8221;full_width&#8221; angled_section=&#8221;no&#8221; text_align=&#8221;left&#8221; background_image_as_pattern=&#8221;without_pattern&#8221; css=&#8221;.vc_custom_1524753329252{margin-top: 0px !important;margin-right: 10px !important;margin-bottom: 20px !important;margin-left: 10px !important;}&#8221; z_index=&#8221;&#8221;][vc_column offset=&#8221;vc_hidden-lg vc_hidden-md&#8221;][vc_row_inner row_type=&#8221;row&#8221; type=&#8221;full_width&#8221; text_align=&#8221;center&#8221; css_animation=&#8221;&#8221;][vc_column_inner css=&#8221;.vc_custom_1523352273346{margin-top: 0px !important;margin-bottom: 25px !important;}&#8221;][vc_single_image image=&#8221;2396&#8243; img_size=&#8221;full&#8221; alignment=&#8221;center&#8221; qode_css_animation=&#8221;&#8221;][vc_empty_space][vc_column_text el_class=&#8221;centrato_in_mobile&#8221;]<\/p>\n<h1><em><span style=\"color: #007ac7;\">Casa di Cura Clinic Center<\/span><\/em><\/h1>\n<p>Viale Maria Bakunin 171, Napoli &#8211; 80126 (NA)[\/vc_column_text][\/vc_column_inner][\/vc_row_inner][vc_row_inner row_type=&#8221;row&#8221; type=&#8221;full_width&#8221; text_align=&#8221;center&#8221; css_animation=&#8221;&#8221; css=&#8221;.vc_custom_1523279480784{margin-top: 5px !important;}&#8221;][vc_column_inner]<a id=\"btn_sotto_titolo_struttura_mobile\" itemprop=\"url\" href=\"tel:0810010202\" target=\"_blank\"  class=\"qbutton  big_large center default\" style=\"margin: 10px 0px 10px 0px; border-radius: 6px;-moz-border-radius: 6px;-webkit-border-radius: 6px; \">Chiama e prenota<i class=\"qode_icon_font_awesome fa fa-phone qode_button_icon_element\" style=\"\" ><\/i><\/a><a id=\"btn_sotto_titolo_struttura_mobile\" itemprop=\"url\" href=\"http:\/\/sanitasenzaproblemi.it\/prenotazione-online\/\" target=\"_blank\"  class=\"qbutton  big_large center default\" style=\"margin: 10px 0px 10px 0px; border-radius: 6px;-moz-border-radius: 6px;-webkit-border-radius: 6px; \">Prenota online<i class=\"qode_icon_font_awesome fa fa-align-justify qode_button_icon_element\" style=\"\" ><\/i><\/a><a id=\"btn_sotto_titolo_struttura_mobile\" itemprop=\"url\" href=\"https:\/\/www.google.com\/maps\/place\/Casa+di+Cura+per+Riabilitazione+Clinic+Center\/@40.8369458,14.1873298,15z\/data=!4m5!3m4!1s0x0:0x2e1e17befa2d02e8!8m2!3d40.8369458!4d14.1873298\" target=\"_blank\"  class=\"qbutton  big_large center default\" style=\"margin: 10px 0px 10px 0px; border-radius: 6px;-moz-border-radius: 6px;-webkit-border-radius: 6px; \">Avvia navigatore GPS<i class=\"qode_icon_font_awesome fa fa-map-marker qode_button_icon_element\" style=\"\" ><\/i><\/a><a id=\"btn_sotto_titolo_struttura_mobile\" itemprop=\"url\" href=\"#lascia_recensione\" target=\"_self\"  class=\"qbutton  big_large center default\" style=\"margin: 10px 0px 10px 0px; border-radius: 6px;-moz-border-radius: 6px;-webkit-border-radius: 6px; \">Lascia una recensione<i class=\"qode_icon_font_awesome fa fa-star qode_button_icon_element\" style=\"\" ><\/i><\/a>[\/vc_column_inner][\/vc_row_inner][\/vc_column][\/vc_row][vc_row css_animation=&#8221;&#8221; row_type=&#8221;row&#8221; use_row_as_full_screen_section=&#8221;no&#8221; type=&#8221;full_width&#8221; angled_section=&#8221;no&#8221; text_align=&#8221;left&#8221; background_image_as_pattern=&#8221;without_pattern&#8221; row_negative_margin=&#8221;disable_negative_margin&#8221; css=&#8221;.vc_custom_1525354643396{margin-top: -15px !important;margin-right: 10px !important;margin-bottom: 35px !important;margin-left: 10px !important;}&#8221; z_index=&#8221;999999&#8243;][vc_column offset=&#8221;vc_hidden-sm vc_hidden-xs&#8221;][vc_column_text]<\/p>\n<div class=\"n2-code n2-ss-slider-shortcode-id\"><div id=\"mega-menu-wrap-max_mega_menu_1\" class=\"mega-menu-wrap\"><div class=\"mega-menu-toggle\"><div class=\"mega-toggle-blocks-left\"><\/div><div class=\"mega-toggle-blocks-center\"><\/div><div class=\"mega-toggle-blocks-right\"><div class='mega-toggle-block mega-menu-toggle-block mega-toggle-block-1' id='mega-toggle-block-1' tabindex='0'><span class='mega-toggle-label' role='button' aria-expanded='false'><span class='mega-toggle-label-closed'>MENU<\/span><span class='mega-toggle-label-open'>MENU<\/span><\/span><\/div><\/div><\/div><ul id=\"mega-menu-max_mega_menu_1\" class=\"mega-menu max-mega-menu mega-menu-horizontal mega-no-js\" data-event=\"hover_intent\" data-effect=\"slide\" data-effect-speed=\"200\" data-effect-mobile=\"disabled\" data-effect-speed-mobile=\"0\" data-mobile-force-width=\"false\" data-second-click=\"close\" data-document-click=\"collapse\" data-vertical-behaviour=\"standard\" data-breakpoint=\"600\" data-unbind=\"true\" data-mobile-state=\"collapse_all\" data-hover-intent-timeout=\"300\" data-hover-intent-interval=\"100\"><li class='mega-menu-item mega-menu-item-type-post_type mega-menu-item-object-page mega-menu-item-home mega-align-bottom-left mega-menu-flyout mega-menu-item-390' id='mega-menu-item-390'><a class=\"mega-menu-link\" href=\"https:\/\/sanitasenzaproblemi.it\/strutture\/campania\/clinic-center-napoli\/\" tabindex=\"0\">La Struttura<\/a><\/li><li class='mega-menu-item mega-menu-item-type-custom mega-menu-item-object-custom mega-menu-item-has-children mega-align-bottom-left mega-menu-flyout mega-menu-item-2451' id='mega-menu-item-2451'><a class=\"mega-menu-link\" href=\"#\" aria-haspopup=\"true\" aria-expanded=\"false\" tabindex=\"0\">Specialistica<span class=\"mega-indicator\"><\/span><\/a>\n<ul class=\"mega-sub-menu\">\n<li class='mega-menu-item mega-menu-item-type-post_type mega-menu-item-object-page mega-menu-item-2417' id='mega-menu-item-2417'><a class=\"mega-menu-link\" href=\"https:\/\/sanitasenzaproblemi.it\/strutture\/campania\/clinic-center-napoli\/cardiologia\/\">Cardiologia<\/a><\/li><li class='mega-menu-item mega-menu-item-type-post_type mega-menu-item-object-page mega-menu-item-2449' id='mega-menu-item-2449'><a class=\"mega-menu-link\" href=\"https:\/\/sanitasenzaproblemi.it\/strutture\/campania\/clinic-center-napoli\/idrokinesiterapia\/\">Idrokinesiterapia<\/a><\/li><li class='mega-menu-item mega-menu-item-type-post_type mega-menu-item-object-page mega-menu-item-2430' id='mega-menu-item-2430'><a class=\"mega-menu-link\" href=\"https:\/\/sanitasenzaproblemi.it\/strutture\/campania\/clinic-center-napoli\/fisiatria-ortopedia\/\">Fisiatria \/ Ortopedia<\/a><\/li><\/ul>\n<\/li><li class='mega-menu-item mega-menu-item-type-custom mega-menu-item-object-custom mega-menu-item-has-children mega-align-bottom-left mega-menu-flyout mega-menu-item-2330' id='mega-menu-item-2330'><a class=\"mega-menu-link\" href=\"#\" aria-haspopup=\"true\" aria-expanded=\"false\" tabindex=\"0\">Diagnostica<span class=\"mega-indicator\"><\/span><\/a>\n<ul class=\"mega-sub-menu\">\n<li class='mega-menu-item mega-menu-item-type-post_type mega-menu-item-object-page mega-menu-item-2446' id='mega-menu-item-2446'><a class=\"mega-menu-link\" href=\"https:\/\/sanitasenzaproblemi.it\/strutture\/campania\/clinic-center-napoli\/laboratorio-di-analisi-chimico-cliniche\/\">Laboratorio di Analisi Chimico Cliniche<\/a><\/li><li class='mega-menu-item mega-menu-item-type-post_type mega-menu-item-object-page mega-menu-item-2433' id='mega-menu-item-2433'><a class=\"mega-menu-link\" href=\"https:\/\/sanitasenzaproblemi.it\/strutture\/campania\/clinic-center-napoli\/medicina-nucleare\/\">Medicina Nucleare<\/a><\/li><li class='mega-menu-item mega-menu-item-type-post_type mega-menu-item-object-page mega-menu-item-2427' id='mega-menu-item-2427'><a class=\"mega-menu-link\" href=\"https:\/\/sanitasenzaproblemi.it\/strutture\/campania\/clinic-center-napoli\/neurologia-e-neurofisiopatologia\/\">Neurologia e Neurofisiopatologia<\/a><\/li><li class='mega-menu-item mega-menu-item-type-post_type mega-menu-item-object-page mega-menu-item-2422' id='mega-menu-item-2422'><a class=\"mega-menu-link\" href=\"https:\/\/sanitasenzaproblemi.it\/strutture\/campania\/clinic-center-napoli\/pneumologia\/\">Pneumologia<\/a><\/li><li class='mega-menu-item mega-menu-item-type-post_type mega-menu-item-object-page mega-menu-item-2453' id='mega-menu-item-2453'><a class=\"mega-menu-link\" href=\"https:\/\/sanitasenzaproblemi.it\/strutture\/campania\/clinic-center-napoli\/diagnostica-per-immagini\/\">Radiologia e Diagnostica per immagini<\/a><\/li><\/ul>\n<\/li><\/ul><\/div><\/div>\n<p>[\/vc_column_text][\/vc_column][\/vc_row][vc_row css_animation=&#8221;&#8221; row_type=&#8221;row&#8221; use_row_as_full_screen_section=&#8221;yes&#8221; type=&#8221;full_width&#8221; angled_section=&#8221;no&#8221; text_align=&#8221;left&#8221; background_image_as_pattern=&#8221;without_pattern&#8221; row_negative_margin=&#8221;disable_negative_margin&#8221; z_index=&#8221;&#8221; css=&#8221;.vc_custom_1523372173326{margin-top: 20px !important;margin-right: 23px !important;margin-left: 10px !important;}&#8221;][vc_column width=&#8221;2\/3&#8243; el_id=&#8221;contenuto_pagina&#8221; css=&#8221;.vc_custom_1523436649154{padding-left: 20px !important;}&#8221;][vc_column_text]<\/p>\n<h1><em><span style=\"color: #007ac7;\">Radiologia e Diagnostica per immagini<\/span><\/em><\/h1>\n<p>[\/vc_column_text][vc_empty_space height=&#8221;20px&#8221;][vc_column_text]Il reparto di Diagnostica per Immagini della Casa di Cura Clinic Center di Napoli effettua quelli che sono tutti gli <strong>esami della radiodiagnostica tradizionale<\/strong>, della <strong>tomografia computerizzata (T.A.C.)<\/strong>, della <strong>ecografia con eco-doppler ed ecocolor-doppler<\/strong> e della <strong>ortopanoramica dentaria<\/strong>, della <strong>risonanza magnetica<\/strong> (di tipo C a magnete aperto).<\/p>\n<p>&nbsp;<\/p>\n<p>In caso di necessit\u00e0, il servizio di radiodiagnostica \u00e8 in grado di eseguire esami radiografici ed ecografici al letto del paziente con apparecchio trasportabile. \u00c8, inoltre, in grado di effettuare gli esami richiesti entro due giorni e fornire la consegna dei referti nella stessa giornata ovvero il giorno successivo in rapporto all\u2019esame praticato.<\/p>\n<p>&nbsp;<\/p>\n<p><strong>Un elenco completo<\/strong> degli esami eseguiti \u00e8 il seguente:<\/p>\n<ul>\n<li>angio-RM del distretto vascolare intracranico;<\/li>\n<li>densitometria ossea (MOC DEXA) lombare\/vertebrale\/femorale;<\/li>\n<li>densitometria ossea (MOC DEXA) lombare\/vertebrale\/femorale (2 tratti);<\/li>\n<li>densitometria ossea (MOC DEXA) total body;<\/li>\n<li>dentalscan arcata dentaria superiore o inferiore;<\/li>\n<li>diagnostica ecografica del capo e del collo;<\/li>\n<li>doppler epatico (milza, fegato, pancreas) &#8211; tiroide-reni e surreni;<\/li>\n<li>ecografia addome completo;<\/li>\n<li>ecografia dei testicoli;<\/li>\n<li>ecografia del pene;<\/li>\n<li>ecografia dell\u2019addome inferiore;<\/li>\n<li>ecografia dell\u2019addome superiore;<\/li>\n<li>ecografia della cute e del tessuto sottocutaneo;<\/li>\n<li>ecografia della mammella;<\/li>\n<li>ecografia della mammella monolaterale;<\/li>\n<li>ecografia di grossi vasi addominali;<\/li>\n<li>ecografia muscolotendinea;<\/li>\n<li>ecografia osteoarticolare;<\/li>\n<li>ecografia transrettale;<\/li>\n<li>ecografia transvaginale;<\/li>\n<li>mammografia bilaterale;<\/li>\n<li>mammografia mono\/bilaterale in tomosintesi 3D;<\/li>\n<li>mammografia monolaterale;<\/li>\n<li>ortopanoramica delle arcate dentarie;<\/li>\n<li>radiografia assiale della rotula;<\/li>\n<li>radiografia del tratto gastrointestinale superiore;<\/li>\n<li>radiografia completa della colonna;<\/li>\n<li>radiografia dei tessuti molli della faccia, del capo e del collo;<\/li>\n<li>radiografia del cranio e dei seni paranasali;<\/li>\n<li>radiografia del femore, ginocchio e gamba;<\/li>\n<li>radiografia del gomito e dell\u2019avambraccio;<\/li>\n<li>radiografia del piede e della caviglia;<\/li>\n<li>radiografia del polso e della mano;<\/li>\n<li>radiografia del torace di routine, NAS;<\/li>\n<li>radiografia dell\u2019addome;<\/li>\n<li>radiografia dell\u2019apparato urinario;<\/li>\n<li>radiografia della trachea;<\/li>\n<li>radiografia della colonna cervicale;<\/li>\n<li>radiografia della colonna lombosacrale;<\/li>\n<li>radiografia della colonna toracica (dorsale);<\/li>\n<li>radiografia della sella turcica;<\/li>\n<li>radiografia della spalla e dell\u2019arto superiore;<\/li>\n<li>radiografia dell&#8217;esofago con contrasto;<\/li>\n<li>radiografia di arcata dentaria;<\/li>\n<li>radiografia di coste, sterno e clavicola;<\/li>\n<li>radiografia di pelvi e anca;<\/li>\n<li>altra radiografia di coste, sterno e clavicola;<\/li>\n<li>risonanza magnetica nucleare (RM) del cervello e del tronco encefalico;<\/li>\n<li>risonanza magnetica nucleare (RM) del cervello e del tronco encefalico, senza e con contrasto;<\/li>\n<li>risonanza magnetica nucleare (RM) del collo;<\/li>\n<li>risonanza magnetica nucleare (RM) del collo, senza e con contrasto;<\/li>\n<li>risonanza magnetica nucleare (RM) del cuore, senza e con contrasto;<\/li>\n<li>risonanza magnetica nucleare (RM) del massiccio facciale;<\/li>\n<li>risonanza magnetica nucleare (RM) del massiccio facciale, senza e con contrasto;<\/li>\n<li>risonanza magnetica nucleare (RM) della colonna;<\/li>\n<li>risonanza magnetica nucleare (RM) della colonna, senza e con contrasto;<\/li>\n<li>risonanza magnetica nucleare (RM) muscoloscheletrica;<\/li>\n<li>risonanza magnetica nucleare (RM) muscoloscheletrica, senza e con contrasto;<\/li>\n<li>RM segmento successivo;<\/li>\n<li>studio dell\u2019et\u00e0 ossea;<\/li>\n<li>tac addome completo con mdc;<\/li>\n<li>tac addome inferiore con mdc;<\/li>\n<li>tac addome superiore con mdc;<\/li>\n<li>tac arto inferiore con mdc;<\/li>\n<li>tac del capo con mdc;<\/li>\n<li>tac dell&#8217;orecchio con mdc;<\/li>\n<li>tac massico facciale con mdc;<\/li>\n<li>tac rachide vertebrale con mdc;<\/li>\n<li>tac renale con mdc;<\/li>\n<li>tac torace con mdc;<\/li>\n<li>teleradiografia del cranio;<\/li>\n<li>temporo-mandibolare ossa nasali;<\/li>\n<li>tomografia computerizzata (TAC) del rachide e dello speco vertebrale;<\/li>\n<li>tomografia computerizzata (TAC) dell\u2019arto superiore;<\/li>\n<li>tomografia computerizzata (TAC) dei reni;<\/li>\n<li>tomografia computerizzata (TAC) del bacino;<\/li>\n<li>tomografia computerizzata (TAC) del capo;<\/li>\n<li>tomografia computerizzata (TAC) del collo;<\/li>\n<li>tomografia computerizzata (TAC) del collo, con mdc;<\/li>\n<li>tomografia computerizzata (TAC) del massiccio facciale;<\/li>\n<li>tomografia computerizzata (TAC) del rachide e dello speco vertebrale;<\/li>\n<li>tomografia computerizzata (TAC) del torace;<\/li>\n<li>tomografia computerizzata (TAC) dell\u2019addome completo;<\/li>\n<li>tomografia computerizzata (TAC) dell\u2019addome inferiore;<\/li>\n<li>tomografia computerizzata (TAC) dell\u2019addome superiore;<\/li>\n<li>tomografia computerizzata (TAC) dell\u2019arto inferiore;<\/li>\n<li>tomografia computerizzata (TAC) dell\u2019orecchio;<\/li>\n<li>tomografia computerizzata (TAC) delle arcate dentarie [dentalscan].<\/li>\n<\/ul>\n<p>&nbsp;<\/p>\n<p><strong>Le prestazioni vengono eseguite in regime di accreditamento con il Servizio Sanitario Nazionale. <\/strong>Per gli utenti esterni sono effettuate\u00a0dal luned\u00ec al venerd\u00ec\u00a0dalle ore 09,00 alle 12,00. Solo per alcuni tipi di prestazioni, se c\u2019\u00e8 bisogno di specifica preparazione dell\u2019utente per l\u2019esecuzione dell\u2019esame, viene richiesta la prenotazione.<strong><br \/>\n<\/strong><\/p>\n<p><strong>Responsabile<\/strong>: Dott. Giuseppina Castaldi<\/p>\n<p>&nbsp;<\/p>\n<p>&nbsp;<\/p>\n<p><strong>Per prenotazioni<\/strong> o informazioni, <strong>telefonare al numero del Centro Unico di Prenotazione<\/strong> (CUP): <strong>081 0010202<\/strong>.[\/vc_column_text][vc_empty_space height=&#8221;60px&#8221;][\/vc_column][vc_column width=&#8221;1\/3&#8243; css=&#8221;.vc_custom_1523434258486{margin-top: 0px !important;}&#8221; el_id=&#8221;contenuto_sidebar&#8221;][vc_row_inner row_type=&#8221;row&#8221; type=&#8221;full_width&#8221; text_align=&#8221;left&#8221; css_animation=&#8221;&#8221; css=&#8221;.vc_custom_1523277161124{margin-bottom: 20px !important;}&#8221;][vc_column_inner css=&#8221;.vc_custom_1523432595586{border-top-width: 1px !important;border-right-width: 1px !important;border-bottom-width: 1px !important;border-left-width: 1px !important;padding-top: 0px !important;padding-bottom: 0px !important;background-color: #eceff1 !important;border-radius: 5px !important;}&#8221;][vc_column_text]<\/p>\n<div style=\"background-color: #007ac7; width: 100%; margin: 0px 0px 0px -15px; padding: 10px 0px 10px 30px; border-radius: 5px 5px 0 0;\">\n<h2 style=\"color: white; margin-left: inherit; font-weight: 400;\">\u2685 Foto della Struttura<\/h2>\n<\/div>\n<p>[\/vc_column_text][vc_empty_space height=&#8221;20px&#8221;][vc_column_text]<\/p>\n<div class=\"n2-code n2-ss-slider-shortcode-id\"><\/div>\n<p>[\/vc_column_text][vc_empty_space height=&#8221;20px&#8221;][\/vc_column_inner][\/vc_row_inner][vc_row_inner row_type=&#8221;row&#8221; type=&#8221;full_width&#8221; text_align=&#8221;left&#8221; css_animation=&#8221;&#8221;][vc_column_inner css=&#8221;.vc_custom_1523363711376{border-top-width: 1px !important;border-right-width: 1px !important;border-bottom-width: 1px !important;border-left-width: 1px !important;padding-top: 0px !important;padding-left: 20px !important;background-color: #eceff1 !important;border-left-color: #eceff1 !important;border-left-style: solid !important;border-right-color: #eceff1 !important;border-right-style: solid !important;border-top-color: #eceff1 !important;border-top-style: solid !important;border-bottom-color: #eceff1 !important;border-bottom-style: solid !important;border-radius: 5px !important;}&#8221; el_id=&#8221;elenco_recensioni_sidebar&#8221;][vc_column_text]<\/p>\n<div style=\"background-color: #007ac7; width: 100%; margin: 0px 0px 0px -19px; padding: 10px 2px 10px 32px; border-radius: 5px 5px 0 0;\">\n<h2 style=\"color: white; margin-left: inherit; font-weight: 400;\">\u2605 Recensioni sulla Struttura<\/h2>\n<\/div>\n<p>[\/vc_column_text][vc_empty_space height=&#8221;20px&#8221;][vc_widget_sidebar sidebar_id=&#8221;Custom Widget per visualizzare recensioni&#8221;][\/vc_column_inner][\/vc_row_inner][vc_row_inner row_type=&#8221;expandable&#8221; anchor=&#8221;lascia_recensione&#8221; text_align=&#8221;left&#8221; more_button_label=&#8221;LASCIA UNA RECENSIONE&#8221; less_button_label=&#8221;Nascondi&#8221; button_position=&#8221;center&#8221; expandable_content_top_padding=&#8221;0&#8243; css=&#8221;.vc_custom_1523434936272{margin-bottom: 20px !important;}&#8221;][vc_column_inner css=&#8221;.vc_custom_1523434932650{border-top-width: 1px !important;border-right-width: 1px !important;border-bottom-width: 1px !important;border-left-width: 1px !important;padding-top: 0px !important;padding-left: 20px !important;background-color: #eceff1 !important;border-left-color: #eceff1 !important;border-left-style: solid !important;border-right-color: #eceff1 !important;border-right-style: solid !important;border-top-color: #eceff1 !important;border-top-style: solid !important;border-bottom-color: #eceff1 !important;border-bottom-style: solid !important;border-radius: 5px !important;}&#8221;][vc_empty_space height=&#8221;20px&#8221;][vc_widget_sidebar sidebar_id=&#8221;Custom Widget per lasciare recensioni&#8221;][\/vc_column_inner][\/vc_row_inner][\/vc_column][\/vc_row]<\/p>\n","protected":false},"excerpt":{"rendered":"<p>[vc_row css_animation=&#8221;&#8221; row_type=&#8221;row&#8221; use_row_as_full_screen_section=&#8221;no&#8221; type=&#8221;full_width&#8221; angled_section=&#8221;no&#8221; text_align=&#8221;left&#8221; background_image_as_pattern=&#8221;without_pattern&#8221; css=&#8221;.vc_custom_1523262176370{background-color: #007ac7 !important;}&#8221; z_index=&#8221;&#8221;][vc_column offset=&#8221;vc_hidden-xs&#8221; css=&#8221;.vc_custom_1523435020780{margin-bottom: 0px !important;}&#8221;][vc_single_image source=&#8221;external_link&#8221; alignment=&#8221;center&#8221; qode_css_animation=&#8221;element_from_fade&#8221; custom_src=&#8221;http:\/\/sanitasenzaproblemi.it\/wp-content\/uploads\/num_cup_prenota_online_homepage.jpg&#8221;][\/vc_column][\/vc_row][vc_row css_animation=&#8221;element_from_fade&#8221; row_type=&#8221;row&#8221; use_row_as_full_screen_section=&#8221;no&#8221; type=&#8221;full_width&#8221; angled_section=&#8221;no&#8221; text_align=&#8221;left&#8221; background_image_as_pattern=&#8221;without_pattern&#8221; css=&#8221;.vc_custom_1523372181026{margin-top: 0px !important;margin-right: 23px !important;margin-bottom: 0px !important;margin-left: 10px !important;}&#8221; z_index=&#8221;&#8221;][vc_column css_animation=&#8221;none&#8221; width=&#8221;8\/12&#8243; offset=&#8221;vc_hidden-sm vc_hidden-xs&#8221; css=&#8221;.vc_custom_1523352176548{margin-top: 20px !important;margin-bottom: 20px&#8230;<\/p>\n","protected":false},"author":1,"featured_media":0,"parent":0,"menu_order":0,"comment_status":"closed","ping_status":"closed","template":"full_width.php","meta":[],"_links":{"self":[{"href":"https:\/\/sanitasenzaproblemi.it\/strutture\/campania\/clinic-center-napoli\/wp-json\/wp\/v2\/pages\/2435"}],"collection":[{"href":"https:\/\/sanitasenzaproblemi.it\/strutture\/campania\/clinic-center-napoli\/wp-json\/wp\/v2\/pages"}],"about":[{"href":"https:\/\/sanitasenzaproblemi.it\/strutture\/campania\/clinic-center-napoli\/wp-json\/wp\/v2\/types\/page"}],"author":[{"embeddable":true,"href":"https:\/\/sanitasenzaproblemi.it\/strutture\/campania\/clinic-center-napoli\/wp-json\/wp\/v2\/users\/1"}],"replies":[{"embeddable":true,"href":"https:\/\/sanitasenzaproblemi.it\/strutture\/campania\/clinic-center-napoli\/wp-json\/wp\/v2\/comments?post=2435"}],"version-history":[{"count":0,"href":"https:\/\/sanitasenzaproblemi.it\/strutture\/campania\/clinic-center-napoli\/wp-json\/wp\/v2\/pages\/2435\/revisions"}],"wp:attachment":[{"href":"https:\/\/sanitasenzaproblemi.it\/strutture\/campania\/clinic-center-napoli\/wp-json\/wp\/v2\/media?parent=2435"}],"curies":[{"name":"wp","href":"https:\/\/api.w.org\/{rel}","templated":true}]}}