{"id":61,"date":"2018-03-30T15:37:23","date_gmt":"2018-03-30T13:37:23","guid":{"rendered":"http:\/\/sanitasenzaproblemi.it\/strutture\/campania\/medicina-futura-clinica-san-felice\/?page_id=61"},"modified":"2022-06-09T14:15:30","modified_gmt":"2022-06-09T12:15:30","slug":"chi-siamo","status":"publish","type":"page","link":"https:\/\/sanitasenzaproblemi.it\/strutture\/campania\/centro-gennaro-theo-napoli-fuorigrotta\/","title":{"rendered":"Centro Diagnostico Theo"},"content":{"rendered":"<p>[vc_row css_animation=&#8221;&#8221; row_type=&#8221;row&#8221; use_row_as_full_screen_section=&#8221;no&#8221; type=&#8221;full_width&#8221; angled_section=&#8221;no&#8221; text_align=&#8221;left&#8221; background_image_as_pattern=&#8221;without_pattern&#8221; css=&#8221;.vc_custom_1523262176370{background-color: #007ac7 !important;}&#8221; z_index=&#8221;&#8221;][vc_column offset=&#8221;vc_hidden-xs&#8221; css=&#8221;.vc_custom_1523435020780{margin-bottom: 0px !important;}&#8221;][vc_single_image source=&#8221;external_link&#8221; alignment=&#8221;center&#8221; qode_css_animation=&#8221;element_from_fade&#8221; custom_src=&#8221;http:\/\/sanitasenzaproblemi.it\/wp-content\/uploads\/num_cup_prenota_online_homepage.jpg&#8221;][\/vc_column][\/vc_row][vc_row css_animation=&#8221;element_from_fade&#8221; row_type=&#8221;row&#8221; use_row_as_full_screen_section=&#8221;no&#8221; type=&#8221;full_width&#8221; angled_section=&#8221;no&#8221; text_align=&#8221;left&#8221; background_image_as_pattern=&#8221;without_pattern&#8221; css=&#8221;.vc_custom_1523372181026{margin-top: 0px !important;margin-right: 23px !important;margin-bottom: 0px !important;margin-left: 10px !important;}&#8221; z_index=&#8221;&#8221;][vc_column css_animation=&#8221;none&#8221; width=&#8221;8\/12&#8243; offset=&#8221;vc_hidden-sm vc_hidden-xs&#8221; css=&#8221;.vc_custom_1523352176548{margin-top: 20px !important;margin-bottom: 20px !important;}&#8221;][vc_row_inner row_type=&#8221;row&#8221; type=&#8221;full_width&#8221; text_align=&#8221;left&#8221; css_animation=&#8221;&#8221;][vc_column_inner width=&#8221;1\/4&#8243;][vc_empty_space height=&#8221;10px&#8221;][vc_single_image image=&#8221;2282&#8243; alignment=&#8221;center&#8221; qode_css_animation=&#8221;element_from_left&#8221;][\/vc_column_inner][vc_column_inner width=&#8221;3\/4&#8243; css=&#8221;.vc_custom_1523443640920{margin-left: -25px !important;}&#8221;][vc_empty_space height=&#8221;25px&#8221;][vc_column_text el_class=&#8221;centrato_in_mobile&#8221;]<\/p>\n<h2><em><span style=\"color: #007ac7;\">Centro Diagnostico Gennaro Theo <\/span><\/em><\/h2>\n<p>Via Diocleziano 84, Napoli &#8211; 80125 (NA)[\/vc_column_text]<a  itemprop=\"url\" href=\"https:\/\/www.google.com\/maps\/place\/Centro+Diagnostico+Theo\/@40.82254,14.191737,15z\/data=!4m5!3m4!1s0x0:0x68d47135aaeb346c!8m2!3d40.82254!4d14.191737\" target=\"_blank\"  class=\"qbutton  small center default\" style=\"margin: 5px 0 0 0; border-radius: 5px;-moz-border-radius: 5px;-webkit-border-radius: 5px; \">Indicazioni stradali<\/a>[\/vc_column_inner][\/vc_row_inner][\/vc_column][vc_column width=&#8221;4\/12&#8243; css=&#8221;.vc_custom_1523434245058{border-radius: 5px !important;}&#8221; el_id=&#8221;bottoni_sidebar&#8221; offset=&#8221;vc_hidden-sm vc_hidden-xs&#8221;]<a id=\"btn_sotto_titolo_struttura\" itemprop=\"url\" href=\"http:\/\/sanitasenzaproblemi.it\/prenotazione-online\/\" target=\"_blank\"  class=\"qbutton  big_large center default\" style=\"border-radius: 5px;-moz-border-radius: 5px;-webkit-border-radius: 5px; \">Prenota online<\/a>[vc_empty_space height=&#8221;25px&#8221;]<a id=\"btn_sotto_titolo_struttura\" itemprop=\"url\" href=\"#lascia_recensione\" target=\"_self\"  class=\"qbutton  big_large center default\" style=\"border-radius: 5px;-moz-border-radius: 5px;-webkit-border-radius: 5px; \">Lascia una recensione<\/a>[\/vc_column][\/vc_row][vc_row css_animation=&#8221;&#8221; row_type=&#8221;row&#8221; use_row_as_full_screen_section=&#8221;no&#8221; type=&#8221;full_width&#8221; angled_section=&#8221;no&#8221; text_align=&#8221;left&#8221; background_image_as_pattern=&#8221;without_pattern&#8221; css=&#8221;.vc_custom_1524753329252{margin-top: 0px !important;margin-right: 10px !important;margin-bottom: 20px !important;margin-left: 10px !important;}&#8221; z_index=&#8221;&#8221;][vc_column offset=&#8221;vc_hidden-lg vc_hidden-md&#8221;][vc_row_inner row_type=&#8221;row&#8221; type=&#8221;full_width&#8221; text_align=&#8221;center&#8221; css_animation=&#8221;&#8221;][vc_column_inner css=&#8221;.vc_custom_1523352273346{margin-top: 0px !important;margin-bottom: 25px !important;}&#8221;][vc_single_image image=&#8221;2282&#8243; img_size=&#8221;full&#8221; alignment=&#8221;center&#8221; qode_css_animation=&#8221;&#8221;][vc_empty_space][vc_column_text el_class=&#8221;centrato_in_mobile&#8221;]<\/p>\n<h2><em><span style=\"color: #007ac7;\">Centro Diagnostico Gennaro Theo <\/span><\/em><\/h2>\n<p>Via Diocleziano 84, Napoli &#8211; 80125 (NA)[\/vc_column_text][\/vc_column_inner][\/vc_row_inner][vc_row_inner row_type=&#8221;row&#8221; type=&#8221;full_width&#8221; text_align=&#8221;center&#8221; css_animation=&#8221;&#8221; css=&#8221;.vc_custom_1523279480784{margin-top: 5px !important;}&#8221;][vc_column_inner]<a id=\"btn_sotto_titolo_struttura_mobile\" itemprop=\"url\" href=\"tel:0810010202\" target=\"_blank\"  class=\"qbutton  big_large center default\" style=\"margin: 10px 0px 10px 0px; border-radius: 6px;-moz-border-radius: 6px;-webkit-border-radius: 6px; \">Chiama e prenota<i class=\"qode_icon_font_awesome fa fa-phone qode_button_icon_element\" style=\"\" ><\/i><\/a><a id=\"btn_sotto_titolo_struttura_mobile\" itemprop=\"url\" href=\"http:\/\/sanitasenzaproblemi.it\/prenotazione-online\/\" target=\"_blank\"  class=\"qbutton  big_large center default\" style=\"margin: 10px 0px 10px 0px; border-radius: 6px;-moz-border-radius: 6px;-webkit-border-radius: 6px; \">Prenota online<i class=\"qode_icon_font_awesome fa fa-align-justify qode_button_icon_element\" style=\"\" ><\/i><\/a><a id=\"btn_sotto_titolo_struttura_mobile\" itemprop=\"url\" href=\"https:\/\/www.google.com\/maps\/place\/Centro+Diagnostico+Theo\/@40.82254,14.191737,15z\/data=!4m5!3m4!1s0x0:0x68d47135aaeb346c!8m2!3d40.82254!4d14.191737\" target=\"_blank\"  class=\"qbutton  big_large center default\" style=\"margin: 10px 0px 10px 0px; border-radius: 6px;-moz-border-radius: 6px;-webkit-border-radius: 6px; \">Avvia navigatore GPS<i class=\"qode_icon_font_awesome fa fa-map-marker qode_button_icon_element\" style=\"\" ><\/i><\/a><a id=\"btn_sotto_titolo_struttura_mobile\" itemprop=\"url\" href=\"#lascia_recensione\" target=\"_self\"  class=\"qbutton  big_large center default\" style=\"margin: 10px 0px 10px 0px; border-radius: 6px;-moz-border-radius: 6px;-webkit-border-radius: 6px; \">Lascia una recensione<i class=\"qode_icon_font_awesome fa fa-star qode_button_icon_element\" style=\"\" ><\/i><\/a>[\/vc_column_inner][\/vc_row_inner][\/vc_column][\/vc_row][vc_row css_animation=&#8221;&#8221; row_type=&#8221;row&#8221; use_row_as_full_screen_section=&#8221;no&#8221; type=&#8221;full_width&#8221; angled_section=&#8221;no&#8221; text_align=&#8221;left&#8221; background_image_as_pattern=&#8221;without_pattern&#8221; row_negative_margin=&#8221;disable_negative_margin&#8221; css=&#8221;.vc_custom_1523443660232{margin-right: 10px !important;margin-bottom: 35px !important;margin-left: 10px !important;}&#8221; z_index=&#8221;999999&#8243;][vc_column offset=&#8221;vc_hidden-sm vc_hidden-xs&#8221;][vc_column_text]<\/p>\n<div class=\"n2-code n2-ss-slider-shortcode-id\"><div id=\"mega-menu-wrap-max_mega_menu_1\" class=\"mega-menu-wrap\"><div class=\"mega-menu-toggle\"><div class=\"mega-toggle-blocks-left\"><\/div><div class=\"mega-toggle-blocks-center\"><\/div><div class=\"mega-toggle-blocks-right\"><div class='mega-toggle-block mega-menu-toggle-block mega-toggle-block-1' id='mega-toggle-block-1' tabindex='0'><span class='mega-toggle-label' role='button' aria-expanded='false'><span class='mega-toggle-label-closed'>MENU<\/span><span class='mega-toggle-label-open'>MENU<\/span><\/span><\/div><\/div><\/div><ul id=\"mega-menu-max_mega_menu_1\" class=\"mega-menu max-mega-menu mega-menu-horizontal mega-no-js\" data-event=\"hover_intent\" data-effect=\"slide\" data-effect-speed=\"200\" data-effect-mobile=\"disabled\" data-effect-speed-mobile=\"0\" data-mobile-force-width=\"false\" data-second-click=\"close\" data-document-click=\"collapse\" data-vertical-behaviour=\"standard\" data-breakpoint=\"600\" data-unbind=\"true\" data-mobile-state=\"collapse_all\" data-hover-intent-timeout=\"300\" data-hover-intent-interval=\"100\"><li class='mega-menu-item mega-menu-item-type-post_type mega-menu-item-object-page mega-menu-item-home mega-align-bottom-left mega-menu-flyout mega-menu-item-390' id='mega-menu-item-390'><a class=\"mega-menu-link\" href=\"https:\/\/sanitasenzaproblemi.it\/strutture\/campania\/centro-gennaro-theo-napoli-fuorigrotta\/\" tabindex=\"0\">Centro Diagnostico Theo<\/a><\/li><li class='mega-menu-item mega-menu-item-type-custom mega-menu-item-object-custom mega-menu-item-has-children mega-align-bottom-left mega-menu-flyout mega-menu-item-2275' id='mega-menu-item-2275'><a class=\"mega-menu-link\" href=\"#\" aria-haspopup=\"true\" aria-expanded=\"false\" tabindex=\"0\">Diagnostica<span class=\"mega-indicator\"><\/span><\/a>\n<ul class=\"mega-sub-menu\">\n<li class='mega-menu-item mega-menu-item-type-post_type mega-menu-item-object-page mega-menu-item-has-children mega-menu-item-2336' id='mega-menu-item-2336'><a class=\"mega-menu-link\" href=\"https:\/\/sanitasenzaproblemi.it\/strutture\/campania\/centro-gennaro-theo-napoli-fuorigrotta\/radiologia\/\" aria-haspopup=\"true\" aria-expanded=\"false\">Radiologia e Diagnostica per Immagini<span class=\"mega-indicator\"><\/span><\/a>\n\t<ul class=\"mega-sub-menu\">\n<li class='mega-menu-item mega-menu-item-type-post_type mega-menu-item-object-page mega-menu-item-2298' id='mega-menu-item-2298'><a class=\"mega-menu-link\" href=\"https:\/\/sanitasenzaproblemi.it\/strutture\/campania\/centro-gennaro-theo-napoli-fuorigrotta\/esami-radiologici\/\">Esami Radiologici<\/a><\/li>\t<\/ul>\n<\/li><li class='mega-menu-item mega-menu-item-type-post_type mega-menu-item-object-page mega-menu-item-has-children mega-menu-item-2341' id='mega-menu-item-2341'><a class=\"mega-menu-link\" href=\"https:\/\/sanitasenzaproblemi.it\/strutture\/campania\/centro-gennaro-theo-napoli-fuorigrotta\/ecografia\/\" aria-haspopup=\"true\" aria-expanded=\"false\">Ecografia<span class=\"mega-indicator\"><\/span><\/a>\n\t<ul class=\"mega-sub-menu\">\n<li class='mega-menu-item mega-menu-item-type-post_type mega-menu-item-object-page mega-menu-item-2301' id='mega-menu-item-2301'><a class=\"mega-menu-link\" href=\"https:\/\/sanitasenzaproblemi.it\/strutture\/campania\/centro-gennaro-theo-napoli-fuorigrotta\/esami-ecografici\/\">Esami Ecografici<\/a><\/li>\t<\/ul>\n<\/li><li class='mega-menu-item mega-menu-item-type-post_type mega-menu-item-object-page mega-menu-item-2306' id='mega-menu-item-2306'><a class=\"mega-menu-link\" href=\"https:\/\/sanitasenzaproblemi.it\/strutture\/campania\/centro-gennaro-theo-napoli-fuorigrotta\/tac\/\">TAC<\/a><\/li><li class='mega-menu-item mega-menu-item-type-post_type mega-menu-item-object-page mega-menu-item-2321' id='mega-menu-item-2321'><a class=\"mega-menu-link\" href=\"https:\/\/sanitasenzaproblemi.it\/strutture\/campania\/centro-gennaro-theo-napoli-fuorigrotta\/listino-esami-diagnostici\/\">Listino Esami Diagnostici<\/a><\/li><\/ul>\n<\/li><li class='mega-menu-item mega-menu-item-type-post_type mega-menu-item-object-page mega-align-bottom-left mega-menu-flyout mega-menu-item-2309' id='mega-menu-item-2309'><a class=\"mega-menu-link\" href=\"https:\/\/sanitasenzaproblemi.it\/strutture\/campania\/centro-gennaro-theo-napoli-fuorigrotta\/medicina-di-laboratorio\/\" tabindex=\"0\">Medicina di Laboratorio<\/a><\/li><li class='mega-menu-item mega-menu-item-type-post_type mega-menu-item-object-page mega-align-bottom-left mega-menu-flyout mega-menu-item-2364' id='mega-menu-item-2364'><a class=\"mega-menu-link\" href=\"https:\/\/sanitasenzaproblemi.it\/strutture\/campania\/centro-gennaro-theo-napoli-fuorigrotta\/cardiologia\/\" tabindex=\"0\">Cardiologia<\/a><\/li><li class='mega-menu-item mega-menu-item-type-post_type mega-menu-item-object-page mega-align-bottom-left mega-menu-flyout mega-menu-item-2333' id='mega-menu-item-2333'><a class=\"mega-menu-link\" href=\"https:\/\/sanitasenzaproblemi.it\/strutture\/campania\/centro-gennaro-theo-napoli-fuorigrotta\/qualita\/\" tabindex=\"0\">Qualit\u00e0<\/a><\/li><li class='mega-menu-item mega-menu-item-type-post_type mega-menu-item-object-page mega-align-bottom-left mega-menu-flyout mega-menu-item-2327' id='mega-menu-item-2327'><a class=\"mega-menu-link\" href=\"https:\/\/sanitasenzaproblemi.it\/strutture\/campania\/centro-gennaro-theo-napoli-fuorigrotta\/informazioni-utili\/\" tabindex=\"0\">Informazioni Utili<\/a><\/li><\/ul><\/div><\/div>\n<p>[\/vc_column_text][\/vc_column][\/vc_row][vc_row css_animation=&#8221;&#8221; row_type=&#8221;row&#8221; use_row_as_full_screen_section=&#8221;yes&#8221; type=&#8221;full_width&#8221; angled_section=&#8221;no&#8221; text_align=&#8221;left&#8221; background_image_as_pattern=&#8221;without_pattern&#8221; row_negative_margin=&#8221;disable_negative_margin&#8221; z_index=&#8221;&#8221; css=&#8221;.vc_custom_1523372173326{margin-top: 20px !important;margin-right: 23px !important;margin-left: 10px !important;}&#8221;][vc_column width=&#8221;2\/3&#8243; el_id=&#8221;contenuto_pagina&#8221; css=&#8221;.vc_custom_1523436649154{padding-left: 20px !important;}&#8221;][vc_column_text]<\/p>\n<h3><em><span style=\"color: #007ac7;\">Centro Diagnostico Theo<br \/>\n<\/span><\/em><\/h3>\n<p>[\/vc_column_text][vc_empty_space height=&#8221;20px&#8221;][vc_column_text]<strong>Centro Theo<\/strong> opera da oltre quarant&#8217;anni nel settore della <strong>Radiologia e Diagnostica per Immagini<\/strong> e oltre a essere in possesso di autorizzazione regionale per eseguire esami di radiologia e di analisi di laboratorio, effettua quotidianamente numerose e rigorose verifiche per garantire il rispetto delle procedure organizzative.<br \/>\nCompletamente computerizzato, ogni settore del centro diagnostico \u00e8 collegato attraverso un sofisticato sistema ad una rete informatica interna, eliminando quasi completamente l&#8217;inserimento manuale di risultati. Ci\u00f2 consente di monitorare in tempo reale ogni passaggio di lavorazione.<\/p>\n<p>&nbsp;<\/p>\n<p>Il <strong>Centro Diagnostico Theo<\/strong> \u00e8 costantemente impegnato a raggiungere, nell&#8217;espletamento dell&#8217;attivit\u00e0 per tutti i servizi offerti, e nell&#8217;erogazione delle prestazioni, alti livelli qualitativi per tutti gli utenti. Difatti, <strong>gode di un pieno accreditamento con il Servizio Sanitario Nazionale, in grado di eseguire in regime di convenzione tutti gli esami radiologici<\/strong> che la Strutture offre.<\/p>\n<p>&nbsp;<\/p>\n<p>Questa struttura informatica fornisce infine la garanzia di un&#8217;operativit\u00e0 sinergica tra tutto il personale del centro diagnostico.<br \/>\nLa professionalit\u00e0, la disponibilit\u00e0 e la riservatezza di tutti i nostri operatori, sanitari e non, \u00e8 garanzia di una operativit\u00e0 sempre in crescente espansione\/evoluzione.<\/p>\n<p>&nbsp;<\/p>\n<h3>POLITICA DELLA QUALITA&#8217;<\/h3>\n<p>La Direzione ha definito e documentato, attraverso il Piano delle Attivit\u00e0 ed attraverso le procedure e i protocolli aziendali, la propria <strong>&#8220;politica della qualit\u00e0&#8221;<\/strong> con i relativi obiettivi ed i conseguenti piani di miglioramento.<br \/>\nL&#8217;obiettivo primario \u00e8 la completa soddisfazione delle esigenze ed aspettative del cliente e quindi di garantire in ogni circostanza l&#8217;appropriatezza e l&#8217;efficacia delle prestazioni erogate.<\/p>\n<p>L&#8217;impegno profuso dalla nostra azienda e dalla sua organizzazione, al fine di perseguire tale obiettivo, \u00e8 assicurato attraverso:<\/p>\n<ul>\n<li>una chiara definizione dei compiti e delle responsabilit\u00e0 a tutti i livelli;<\/li>\n<li>fattiva partecipazione di tutti i collaboratori;<\/li>\n<li>piena consapevolezza di tutti i collaboratori di essere parte integrante e attiva dell&#8217;azienda;<\/li>\n<li>definizione di adeguate e dettagliate procedure, indicanti le metodiche di attuazione dei processi gestionali ed operativi;<\/li>\n<li>formazione continua a tutti i livelli;<\/li>\n<li>il monitoraggio costante della qualit\u00e0 del servizio erogato, ai fini del continuo miglioramento delle prestazioni;<\/li>\n<li>l&#8217;attuazione di adeguate azioni preventive e correttive per anticipare, individuare e risolvere eventuali problemi legati ai disservizi.<\/li>\n<\/ul>\n<p>Scopri di pi\u00f9 consultando il <a href=\"https:\/\/sanitasenzaproblemi.it\/strutture\/campania\/centro-gennaro-theo-napoli-fuorigrotta\/qualita\/\">sito<\/a>.<\/p>\n<p>&nbsp;<\/p>\n<h3><strong>DOCUMENTAZIONE RICHIESTA<\/strong><\/h3>\n<p><img loading=\"lazy\" class=\"alignnone wp-image-2355\" src=\"http:\/\/sanitasenzaproblemi.it\/strutture\/campania\/centro-gennaro-theo-napoli-fuorigrotta\/wp-content\/uploads\/sites\/28\/2022\/06\/stethoscope-icon-gc70d8e755_640-300x300.png\" alt=\"centro theo napoli sanit\u00e0 senza problemi\" width=\"142\" height=\"142\" srcset=\"https:\/\/sanitasenzaproblemi.it\/strutture\/campania\/centro-gennaro-theo-napoli-fuorigrotta\/wp-content\/uploads\/sites\/28\/2022\/06\/stethoscope-icon-gc70d8e755_640-300x300.png 300w, https:\/\/sanitasenzaproblemi.it\/strutture\/campania\/centro-gennaro-theo-napoli-fuorigrotta\/wp-content\/uploads\/sites\/28\/2022\/06\/stethoscope-icon-gc70d8e755_640-150x150.png 150w, https:\/\/sanitasenzaproblemi.it\/strutture\/campania\/centro-gennaro-theo-napoli-fuorigrotta\/wp-content\/uploads\/sites\/28\/2022\/06\/stethoscope-icon-gc70d8e755_640-570x570.png 570w, https:\/\/sanitasenzaproblemi.it\/strutture\/campania\/centro-gennaro-theo-napoli-fuorigrotta\/wp-content\/uploads\/sites\/28\/2022\/06\/stethoscope-icon-gc70d8e755_640-500x500.png 500w, https:\/\/sanitasenzaproblemi.it\/strutture\/campania\/centro-gennaro-theo-napoli-fuorigrotta\/wp-content\/uploads\/sites\/28\/2022\/06\/stethoscope-icon-gc70d8e755_640.png 639w\" sizes=\"(max-width: 142px) 100vw, 142px\" \/><\/p>\n<p>Per accedere ai servizi \u00e8 richiesta la seguente documentazione:<\/p>\n<ul>\n<li>prescrizione medica;<\/li>\n<li>documento di riconoscimento;<\/li>\n<li>documentazione esami eseguiti in precedenza o cartella cliniche disponibili.<\/li>\n<\/ul>\n<p>&nbsp;<\/p>\n<p><strong>Per prenotazioni<\/strong> o informazioni:<\/p>\n<ul>\n<li><strong>telefonare <\/strong>al numero gratuito del Centro Unico di Prenotazione (CUP): <strong>081 0010202;<\/strong><\/li>\n<li><strong>compilare il modulo<\/strong> di prenotazione online,<a href=\"https:\/\/sanitasenzaproblemi.it\/prenotazione-online\/\"><strong> cliccando qui<\/strong><\/a>;<\/li>\n<li><strong>scaricare l&#8217;app<\/strong> di Sanit\u00e0 Senza Problemi, disponibile su <strong><a href=\"https:\/\/apps.apple.com\/it\/app\/sanit%C3%A0-senza-problemi\/id1556890426\">App Store<\/a> <\/strong>e <strong><a href=\"https:\/\/play.google.com\/store\/apps\/details?id=com.sanita.senzaproblemi&amp;hl=it&amp;gl=US\">Google Play Store<\/a><\/strong>.<\/li>\n<\/ul>\n<p>[\/vc_column_text][vc_empty_space height=&#8221;60px&#8221;][\/vc_column][vc_column width=&#8221;1\/3&#8243; css=&#8221;.vc_custom_1523434258486{margin-top: 0px !important;}&#8221; el_id=&#8221;contenuto_sidebar&#8221;][vc_row_inner row_type=&#8221;row&#8221; type=&#8221;full_width&#8221; text_align=&#8221;left&#8221; css_animation=&#8221;&#8221; css=&#8221;.vc_custom_1523277161124{margin-bottom: 20px !important;}&#8221;][vc_column_inner css=&#8221;.vc_custom_1523432595586{border-top-width: 1px !important;border-right-width: 1px !important;border-bottom-width: 1px !important;border-left-width: 1px !important;padding-top: 0px !important;padding-bottom: 0px !important;background-color: #eceff1 !important;border-radius: 5px !important;}&#8221;][vc_column_text]<\/p>\n<div style=\"background-color: #007ac7; width: 100%; margin: 0px 0px 0px -15px; padding: 10px 0px 10px 30px; border-radius: 5px 5px 0 0;\">\n<h2 style=\"color: white; margin-left: inherit; font-weight: 400;\">\u2685 Foto della Struttura<\/h2>\n<\/div>\n<p>[\/vc_column_text][vc_empty_space height=&#8221;20px&#8221;][vc_column_text]<\/p>\n<div class=\"n2-code n2-ss-slider-shortcode-id\"><\/div>\n<p>[\/vc_column_text][vc_empty_space height=&#8221;20px&#8221;][\/vc_column_inner][\/vc_row_inner][vc_row_inner row_type=&#8221;row&#8221; type=&#8221;full_width&#8221; text_align=&#8221;left&#8221; css_animation=&#8221;&#8221;][vc_column_inner css=&#8221;.vc_custom_1523363711376{border-top-width: 1px !important;border-right-width: 1px !important;border-bottom-width: 1px !important;border-left-width: 1px !important;padding-top: 0px !important;padding-left: 20px !important;background-color: #eceff1 !important;border-left-color: #eceff1 !important;border-left-style: solid !important;border-right-color: #eceff1 !important;border-right-style: solid !important;border-top-color: #eceff1 !important;border-top-style: solid !important;border-bottom-color: #eceff1 !important;border-bottom-style: solid !important;border-radius: 5px !important;}&#8221; el_id=&#8221;elenco_recensioni_sidebar&#8221;][vc_column_text]<\/p>\n<div style=\"background-color: #007ac7; width: 100%; margin: 0px 0px 0px -19px; padding: 10px 2px 10px 32px; border-radius: 5px 5px 0 0;\">\n<h2 style=\"color: white; margin-left: inherit; font-weight: 400;\">\u2605 Recensioni sulla Struttura<\/h2>\n<\/div>\n<p>[\/vc_column_text][vc_empty_space height=&#8221;20px&#8221;][vc_widget_sidebar sidebar_id=&#8221;Custom Widget per visualizzare recensioni&#8221;][\/vc_column_inner][\/vc_row_inner][vc_row_inner row_type=&#8221;expandable&#8221; text_align=&#8221;left&#8221; button_position=&#8221;center&#8221; anchor=&#8221;lascia_recensione&#8221; more_button_label=&#8221;LASCIA UNA RECENSIONE&#8221; less_button_label=&#8221;Nascondi&#8221; expandable_content_top_padding=&#8221;0&#8243; css=&#8221;.vc_custom_1523434936272{margin-bottom: 20px !important;}&#8221;][vc_column_inner css=&#8221;.vc_custom_1523434932650{border-top-width: 1px !important;border-right-width: 1px !important;border-bottom-width: 1px !important;border-left-width: 1px !important;padding-top: 0px !important;padding-left: 20px !important;background-color: #eceff1 !important;border-left-color: #eceff1 !important;border-left-style: solid !important;border-right-color: #eceff1 !important;border-right-style: solid !important;border-top-color: #eceff1 !important;border-top-style: solid !important;border-bottom-color: #eceff1 !important;border-bottom-style: solid !important;border-radius: 5px !important;}&#8221;][vc_empty_space height=&#8221;20px&#8221;][vc_widget_sidebar sidebar_id=&#8221;Custom Widget per lasciare recensioni&#8221;][\/vc_column_inner][\/vc_row_inner][\/vc_column][\/vc_row]<\/p>\n","protected":false},"excerpt":{"rendered":"<p>[vc_row css_animation=&#8221;&#8221; row_type=&#8221;row&#8221; use_row_as_full_screen_section=&#8221;no&#8221; type=&#8221;full_width&#8221; angled_section=&#8221;no&#8221; text_align=&#8221;left&#8221; background_image_as_pattern=&#8221;without_pattern&#8221; css=&#8221;.vc_custom_1523262176370{background-color: #007ac7 !important;}&#8221; z_index=&#8221;&#8221;][vc_column offset=&#8221;vc_hidden-xs&#8221; css=&#8221;.vc_custom_1523435020780{margin-bottom: 0px !important;}&#8221;][vc_single_image source=&#8221;external_link&#8221; alignment=&#8221;center&#8221; qode_css_animation=&#8221;element_from_fade&#8221; custom_src=&#8221;http:\/\/sanitasenzaproblemi.it\/wp-content\/uploads\/num_cup_prenota_online_homepage.jpg&#8221;][\/vc_column][\/vc_row][vc_row css_animation=&#8221;element_from_fade&#8221; row_type=&#8221;row&#8221; use_row_as_full_screen_section=&#8221;no&#8221; type=&#8221;full_width&#8221; angled_section=&#8221;no&#8221; text_align=&#8221;left&#8221; background_image_as_pattern=&#8221;without_pattern&#8221; css=&#8221;.vc_custom_1523372181026{margin-top: 0px !important;margin-right: 23px !important;margin-bottom: 0px !important;margin-left: 10px !important;}&#8221; z_index=&#8221;&#8221;][vc_column css_animation=&#8221;none&#8221; width=&#8221;8\/12&#8243; offset=&#8221;vc_hidden-sm vc_hidden-xs&#8221; css=&#8221;.vc_custom_1523352176548{margin-top: 20px !important;margin-bottom: 20px&#8230;<\/p>\n","protected":false},"author":1,"featured_media":0,"parent":0,"menu_order":0,"comment_status":"closed","ping_status":"closed","template":"full_width.php","meta":[],"_links":{"self":[{"href":"https:\/\/sanitasenzaproblemi.it\/strutture\/campania\/centro-gennaro-theo-napoli-fuorigrotta\/wp-json\/wp\/v2\/pages\/61"}],"collection":[{"href":"https:\/\/sanitasenzaproblemi.it\/strutture\/campania\/centro-gennaro-theo-napoli-fuorigrotta\/wp-json\/wp\/v2\/pages"}],"about":[{"href":"https:\/\/sanitasenzaproblemi.it\/strutture\/campania\/centro-gennaro-theo-napoli-fuorigrotta\/wp-json\/wp\/v2\/types\/page"}],"author":[{"embeddable":true,"href":"https:\/\/sanitasenzaproblemi.it\/strutture\/campania\/centro-gennaro-theo-napoli-fuorigrotta\/wp-json\/wp\/v2\/users\/1"}],"replies":[{"embeddable":true,"href":"https:\/\/sanitasenzaproblemi.it\/strutture\/campania\/centro-gennaro-theo-napoli-fuorigrotta\/wp-json\/wp\/v2\/comments?post=61"}],"version-history":[{"count":5,"href":"https:\/\/sanitasenzaproblemi.it\/strutture\/campania\/centro-gennaro-theo-napoli-fuorigrotta\/wp-json\/wp\/v2\/pages\/61\/revisions"}],"predecessor-version":[{"id":2359,"href":"https:\/\/sanitasenzaproblemi.it\/strutture\/campania\/centro-gennaro-theo-napoli-fuorigrotta\/wp-json\/wp\/v2\/pages\/61\/revisions\/2359"}],"wp:attachment":[{"href":"https:\/\/sanitasenzaproblemi.it\/strutture\/campania\/centro-gennaro-theo-napoli-fuorigrotta\/wp-json\/wp\/v2\/media?parent=61"}],"curies":[{"name":"wp","href":"https:\/\/api.w.org\/{rel}","templated":true}]}}