{"id":706,"date":"2018-04-16T16:36:02","date_gmt":"2018-04-16T14:36:02","guid":{"rendered":"http:\/\/sanitasenzaproblemi.it\/strutture\/campania\/centro-aktis\/?page_id=706"},"modified":"2019-07-18T12:21:40","modified_gmt":"2019-07-18T10:21:40","slug":"radioterapia","status":"publish","type":"page","link":"https:\/\/sanitasenzaproblemi.it\/strutture\/campania\/centro-aktis-marano\/radioterapia\/","title":{"rendered":"Radioterapia"},"content":{"rendered":"<p>[vc_row css_animation=&#8221;&#8221; row_type=&#8221;row&#8221; use_row_as_full_screen_section=&#8221;no&#8221; type=&#8221;full_width&#8221; angled_section=&#8221;no&#8221; text_align=&#8221;left&#8221; background_image_as_pattern=&#8221;without_pattern&#8221; css=&#8221;.vc_custom_1523262176370{background-color: #007ac7 !important;}&#8221; z_index=&#8221;&#8221;][vc_column offset=&#8221;vc_hidden-xs&#8221; css=&#8221;.vc_custom_1523435020780{margin-bottom: 0px !important;}&#8221;][vc_single_image source=&#8221;external_link&#8221; alignment=&#8221;center&#8221; qode_css_animation=&#8221;element_from_fade&#8221; custom_src=&#8221;http:\/\/sanitasenzaproblemi.it\/wp-content\/uploads\/num_cup_prenota_online_homepage.jpg&#8221;][\/vc_column][\/vc_row][vc_row css_animation=&#8221;element_from_fade&#8221; row_type=&#8221;row&#8221; use_row_as_full_screen_section=&#8221;no&#8221; type=&#8221;full_width&#8221; angled_section=&#8221;no&#8221; text_align=&#8221;left&#8221; background_image_as_pattern=&#8221;without_pattern&#8221; css=&#8221;.vc_custom_1523372181026{margin-top: 0px !important;margin-right: 23px !important;margin-bottom: 0px !important;margin-left: 10px !important;}&#8221; z_index=&#8221;&#8221;][vc_column css_animation=&#8221;none&#8221; width=&#8221;8\/12&#8243; offset=&#8221;vc_hidden-sm vc_hidden-xs&#8221; css=&#8221;.vc_custom_1523352176548{margin-top: 20px !important;margin-bottom: 20px !important;}&#8221;][vc_row_inner row_type=&#8221;row&#8221; type=&#8221;full_width&#8221; text_align=&#8221;left&#8221; css_animation=&#8221;&#8221;][vc_column_inner width=&#8221;1\/4&#8243;][vc_single_image image=&#8221;672&#8243; img_size=&#8221;large&#8221; alignment=&#8221;center&#8221; qode_css_animation=&#8221;element_from_left&#8221;][\/vc_column_inner][vc_column_inner width=&#8221;3\/4&#8243; css=&#8221;.vc_custom_1523443640920{margin-left: -25px !important;}&#8221;][vc_empty_space height=&#8221;40px&#8221;][vc_column_text el_class=&#8221;centrato_in_mobile&#8221;]<\/p>\n<h1><em><span style=\"color: #007ac7;\">Centro di Diagnostica e Terapia Aktis<br \/>\n<\/span><\/em><\/h1>\n<p>Via Lazio, 32 \u2013 80016 Marano di Napoli (NA)[\/vc_column_text]<a  itemprop=\"url\" href=\"https:\/\/www.google.it\/maps\/place\/Via Roma 23, Torre Annunziata \u2013 80058 (NA)\" target=\"_blank\"  class=\"qbutton  small center default\" style=\"margin: 5px 0 0 0; border-radius: 5px;-moz-border-radius: 5px;-webkit-border-radius: 5px; \">Indicazioni stradali<\/a>[\/vc_column_inner][\/vc_row_inner][\/vc_column][vc_column width=&#8221;4\/12&#8243; css=&#8221;.vc_custom_1523434245058{border-radius: 5px !important;}&#8221; el_id=&#8221;bottoni_sidebar&#8221; offset=&#8221;vc_hidden-sm vc_hidden-xs&#8221;]<a id=\"btn_sotto_titolo_struttura\" itemprop=\"url\" href=\"http:\/\/sanitasenzaproblemi.it\/prenotazione-online\/\" target=\"_blank\"  class=\"qbutton  big_large center default\" style=\"border-radius: 5px;-moz-border-radius: 5px;-webkit-border-radius: 5px; \">Prenota online<\/a>[vc_empty_space height=&#8221;25px&#8221;]<a id=\"btn_sotto_titolo_struttura\" itemprop=\"url\" href=\"#lascia_recensione\" target=\"_self\"  class=\"qbutton  big_large center default\" style=\"border-radius: 5px;-moz-border-radius: 5px;-webkit-border-radius: 5px; \">Lascia una recensione<\/a>[\/vc_column][\/vc_row][vc_row css_animation=&#8221;&#8221; row_type=&#8221;row&#8221; use_row_as_full_screen_section=&#8221;no&#8221; type=&#8221;full_width&#8221; angled_section=&#8221;no&#8221; text_align=&#8221;left&#8221; background_image_as_pattern=&#8221;without_pattern&#8221; css=&#8221;.vc_custom_1523352285948{margin-top: 0px !important;margin-bottom: 20px !important;}&#8221; z_index=&#8221;&#8221;][vc_column offset=&#8221;vc_hidden-lg vc_hidden-md&#8221;][vc_row_inner row_type=&#8221;row&#8221; type=&#8221;full_width&#8221; text_align=&#8221;center&#8221; css_animation=&#8221;&#8221;][vc_column_inner css=&#8221;.vc_custom_1523352273346{margin-top: 0px !important;margin-bottom: 25px !important;}&#8221;][vc_single_image image=&#8221;672&#8243; img_size=&#8221;large&#8221; alignment=&#8221;center&#8221; qode_css_animation=&#8221;&#8221;][vc_column_text el_class=&#8221;centrato_in_mobile&#8221;]<\/p>\n<h1><em><span style=\"color: #007ac7;\">Centro di Diagnostica e Terapia Aktis<br \/>\n<\/span><\/em><\/h1>\n<p>Via Lazio, 32 \u2013 80016 Marano di Napoli (NA)[\/vc_column_text][\/vc_column_inner][\/vc_row_inner][vc_row_inner row_type=&#8221;row&#8221; type=&#8221;full_width&#8221; text_align=&#8221;center&#8221; css_animation=&#8221;&#8221; css=&#8221;.vc_custom_1523279480784{margin-top: 5px !important;}&#8221;][vc_column_inner]<a id=\"btn_sotto_titolo_struttura_mobile\" itemprop=\"url\" href=\"tel:0810010202\" target=\"_blank\"  class=\"qbutton  big_large center default\" style=\"margin: 10px 0px 10px 0px; border-radius: 6px;-moz-border-radius: 6px;-webkit-border-radius: 6px; \">Chiama e prenota<i class=\"qode_icon_font_awesome fa fa-phone qode_button_icon_element\" style=\"\" ><\/i><\/a><a id=\"btn_sotto_titolo_struttura_mobile\" itemprop=\"url\" href=\"http:\/\/sanitasenzaproblemi.it\/prenotazione-online\/\" target=\"_blank\"  class=\"qbutton  big_large center default\" style=\"margin: 10px 0px 10px 0px; border-radius: 6px;-moz-border-radius: 6px;-webkit-border-radius: 6px; \">Prenota online<i class=\"qode_icon_font_awesome fa fa-align-justify qode_button_icon_element\" style=\"\" ><\/i><\/a><a id=\"btn_sotto_titolo_struttura_mobile\" itemprop=\"url\" href=\"https:\/\/www.google.it\/maps\/place\/Via Roma 23, Torre Annunziata \u2013 80058 (NA)\" target=\"_blank\"  class=\"qbutton  big_large center default\" style=\"margin: 10px 0px 10px 0px; border-radius: 6px;-moz-border-radius: 6px;-webkit-border-radius: 6px; \">Avvia navigatore GPS<i class=\"qode_icon_font_awesome fa fa-map-marker qode_button_icon_element\" style=\"\" ><\/i><\/a><a id=\"btn_sotto_titolo_struttura_mobile\" itemprop=\"url\" href=\"#lascia_recensione\" target=\"_self\"  class=\"qbutton  big_large center default\" style=\"margin: 10px 0px 10px 0px; border-radius: 6px;-moz-border-radius: 6px;-webkit-border-radius: 6px; \">Lascia una recensione<i class=\"qode_icon_font_awesome fa fa-star qode_button_icon_element\" style=\"\" ><\/i><\/a>[\/vc_column_inner][\/vc_row_inner][\/vc_column][\/vc_row][vc_row css_animation=&#8221;&#8221; row_type=&#8221;row&#8221; use_row_as_full_screen_section=&#8221;no&#8221; type=&#8221;full_width&#8221; angled_section=&#8221;no&#8221; text_align=&#8221;left&#8221; background_image_as_pattern=&#8221;without_pattern&#8221; row_negative_margin=&#8221;disable_negative_margin&#8221; css=&#8221;.vc_custom_1523443660232{margin-right: 10px !important;margin-bottom: 35px !important;margin-left: 10px !important;}&#8221; z_index=&#8221;999999&#8243;][vc_column offset=&#8221;vc_hidden-sm vc_hidden-xs&#8221;][vc_column_text]<\/p>\n<div class=\"n2-code n2-ss-slider-shortcode-id\"><div id=\"mega-menu-wrap-max_mega_menu_1\" class=\"mega-menu-wrap\"><div class=\"mega-menu-toggle\"><div class=\"mega-toggle-blocks-left\"><\/div><div class=\"mega-toggle-blocks-center\"><\/div><div class=\"mega-toggle-blocks-right\"><div class='mega-toggle-block mega-menu-toggle-block mega-toggle-block-1' id='mega-toggle-block-1' tabindex='0'><span class='mega-toggle-label' role='button' aria-expanded='false'><span class='mega-toggle-label-closed'>MENU<\/span><span class='mega-toggle-label-open'>MENU<\/span><\/span><\/div><\/div><\/div><ul id=\"mega-menu-max_mega_menu_1\" class=\"mega-menu max-mega-menu mega-menu-horizontal mega-no-js\" data-event=\"hover_intent\" data-effect=\"slide\" data-effect-speed=\"200\" data-effect-mobile=\"disabled\" data-effect-speed-mobile=\"0\" data-mobile-force-width=\"false\" data-second-click=\"close\" data-document-click=\"collapse\" data-vertical-behaviour=\"standard\" data-breakpoint=\"600\" data-unbind=\"true\" data-mobile-state=\"collapse_all\" data-hover-intent-timeout=\"300\" data-hover-intent-interval=\"100\"><li class='mega-menu-item mega-menu-item-type-post_type mega-menu-item-object-page mega-menu-item-home mega-align-bottom-left mega-menu-flyout mega-menu-item-390' id='mega-menu-item-390'><a class=\"mega-menu-link\" href=\"https:\/\/sanitasenzaproblemi.it\/strutture\/campania\/centro-aktis-marano\/\" tabindex=\"0\">La struttura<\/a><\/li><li class='mega-menu-item mega-menu-item-type-custom mega-menu-item-object-custom mega-menu-item-has-children mega-align-bottom-left mega-menu-flyout mega-menu-item-766' id='mega-menu-item-766'><a class=\"mega-menu-link\" href=\"#\" aria-haspopup=\"true\" aria-expanded=\"false\" tabindex=\"0\">Visite specialistiche<span class=\"mega-indicator\"><\/span><\/a>\n<ul class=\"mega-sub-menu\">\n<li class='mega-menu-item mega-menu-item-type-post_type mega-menu-item-object-page mega-menu-item-713' id='mega-menu-item-713'><a class=\"mega-menu-link\" href=\"https:\/\/sanitasenzaproblemi.it\/strutture\/campania\/centro-aktis-marano\/cardiologia\/\">Cardiologia<\/a><\/li><li class='mega-menu-item mega-menu-item-type-post_type mega-menu-item-object-page mega-menu-item-687' id='mega-menu-item-687'><a class=\"mega-menu-link\" href=\"https:\/\/sanitasenzaproblemi.it\/strutture\/campania\/centro-aktis-marano\/ecografia-napoli-centro-aktis\/\">Ecografia<\/a><\/li><li class='mega-menu-item mega-menu-item-type-post_type mega-menu-item-object-page mega-menu-item-696' id='mega-menu-item-696'><a class=\"mega-menu-link\" href=\"https:\/\/sanitasenzaproblemi.it\/strutture\/campania\/centro-aktis-marano\/mammografia\/\">Mammografia<\/a><\/li><li class='mega-menu-item mega-menu-item-type-post_type mega-menu-item-object-page mega-menu-item-677' id='mega-menu-item-677'><a class=\"mega-menu-link\" href=\"https:\/\/sanitasenzaproblemi.it\/strutture\/campania\/centro-aktis-marano\/ginecologia\/\">Ginecologia<\/a><\/li><li class='mega-menu-item mega-menu-item-type-post_type mega-menu-item-object-page mega-menu-item-680' id='mega-menu-item-680'><a class=\"mega-menu-link\" href=\"https:\/\/sanitasenzaproblemi.it\/strutture\/campania\/centro-aktis-marano\/angiologia\/\">Angiologia<\/a><\/li><li class='mega-menu-item mega-menu-item-type-post_type mega-menu-item-object-page mega-menu-item-683' id='mega-menu-item-683'><a class=\"mega-menu-link\" href=\"https:\/\/sanitasenzaproblemi.it\/strutture\/campania\/centro-aktis-marano\/neurologia\/\">Neurologia<\/a><\/li><\/ul>\n<\/li><li class='mega-menu-item mega-menu-item-type-custom mega-menu-item-object-custom mega-menu-item-has-children mega-align-bottom-left mega-menu-flyout mega-menu-item-767' id='mega-menu-item-767'><a class=\"mega-menu-link\" href=\"#\" aria-haspopup=\"true\" aria-expanded=\"false\" tabindex=\"0\">Diagnostica<span class=\"mega-indicator\"><\/span><\/a>\n<ul class=\"mega-sub-menu\">\n<li class='mega-menu-item mega-menu-item-type-post_type mega-menu-item-object-page mega-menu-item-has-children mega-menu-item-731' id='mega-menu-item-731'><a class=\"mega-menu-link\" href=\"https:\/\/sanitasenzaproblemi.it\/strutture\/campania\/centro-aktis-marano\/diagnostica-radiologica\/\" aria-haspopup=\"true\" aria-expanded=\"false\">Diagnostica Radiologica<span class=\"mega-indicator\"><\/span><\/a>\n\t<ul class=\"mega-sub-menu\">\n<li class='mega-menu-item mega-menu-item-type-post_type mega-menu-item-object-page mega-menu-item-705' id='mega-menu-item-705'><a class=\"mega-menu-link\" href=\"https:\/\/sanitasenzaproblemi.it\/strutture\/campania\/centro-aktis-marano\/tac\/\">T.A.C.<\/a><\/li><li class='mega-menu-item mega-menu-item-type-post_type mega-menu-item-object-page mega-menu-item-740' id='mega-menu-item-740'><a class=\"mega-menu-link\" href=\"https:\/\/sanitasenzaproblemi.it\/strutture\/campania\/centro-aktis-marano\/risonanza-magnetica\/\">Risonanza Magnetica<\/a><\/li>\t<\/ul>\n<\/li><li class='mega-menu-item mega-menu-item-type-post_type mega-menu-item-object-page mega-menu-item-721' id='mega-menu-item-721'><a class=\"mega-menu-link\" href=\"https:\/\/sanitasenzaproblemi.it\/strutture\/campania\/centro-aktis-marano\/medicina-nucleare\/\">Medicina Nucleare<\/a><\/li><li class='mega-menu-item mega-menu-item-type-post_type mega-menu-item-object-page mega-menu-item-710' id='mega-menu-item-710'><a class=\"mega-menu-link\" href=\"https:\/\/sanitasenzaproblemi.it\/strutture\/campania\/centro-aktis-marano\/radioterapia\/\">Radioterapia<\/a><\/li><\/ul>\n<\/li><\/ul><\/div><\/div>\n<p>[\/vc_column_text][\/vc_column][\/vc_row][vc_row css_animation=&#8221;&#8221; row_type=&#8221;row&#8221; use_row_as_full_screen_section=&#8221;yes&#8221; type=&#8221;full_width&#8221; angled_section=&#8221;no&#8221; text_align=&#8221;left&#8221; background_image_as_pattern=&#8221;without_pattern&#8221; row_negative_margin=&#8221;disable_negative_margin&#8221; z_index=&#8221;&#8221; css=&#8221;.vc_custom_1523372173326{margin-top: 20px !important;margin-right: 23px !important;margin-left: 10px !important;}&#8221;][vc_column width=&#8221;2\/3&#8243; el_id=&#8221;contenuto_pagina&#8221; css=&#8221;.vc_custom_1523436649154{padding-left: 20px !important;}&#8221;][vc_column_text]<\/p>\n<h1><em><span style=\"color: #007ac7;\">Radioterapia<\/span><\/em><\/h1>\n<p>[\/vc_column_text][vc_empty_space height=&#8221;20px&#8221;][vc_column_text]Il Centro Aktis si \u00e8 dotato di un nuovissimo acceleratore lineare per garantire ai pazienti affetti da neoplasie trattamenti di elevata tecnologia e precisione.<\/p>\n<p>&nbsp;<\/p>\n<p>Il <strong>sistema TRILOGY\u2122<\/strong>, infatti, \u00e8 una avanzatissima tecnologia che consente di irradiare solo i tumori, proteggendo i tessuti sani da qualunque radiazione. La precisione e l\u2019affidabilit\u00e0 di questo dispositivo lo rendono lo strumento pi\u00f9 efficacie anche nel trattamento di lesioni neoplastiche situate nei distretti pi\u00f9 difficili.<\/p>\n<p>&nbsp;<\/p>\n<p>Presso la <strong>Divisione di Radioterapia del Centro Aktis di Marano di Napoli<\/strong>, sono in funzione le seguenti apparecchiature:<\/p>\n<ul>\n<li class=\"first\">Un Acceleratore Lineare Varian Trilogy;<\/li>\n<li>Un Acceleratore Lineare Varian silhouette;<\/li>\n<li>Un Acceleratore Lineare (Clinac 600 della ditta VARIAN) di ultima generazione (2004) dotato di multileaf e acquisizione delle immagini portali del volume di trattamento;<\/li>\n<li>Una TC dedicata alla simulazione;<\/li>\n<li>Un Elaboratore Computerizzato per l\u2019elaborazione dei Piani di Trattamento (TPS) implementato per elaborare piani di trattamento in 3D e per elaborare piani di trattamento Stereotassici sia Body che Neuro (Plato della ditta Nuclital) e un elaboratore della 3D Line (ERGO);<\/li>\n<li>Un micromultileaf (3DLINE) sia statico che dinamico per trattamenti conformazionali e stereotassici e un multileaf 40 x 40;<\/li>\n<li>MLC mod. Millenium 80 lamelle collimatore multi lamellare Varian;<\/li>\n<li>Una moderna officina per la realizzazione delle sagomature di piombo e per la realizzazione dei pi\u00f9 moderni sistemi di immobilizzazione;<\/li>\n<li>Un apparecchio per Trattamenti di Ipertermia Oncologica locale a Radiofrequenze (da 0.1 a 27 MhZ);<\/li>\n<li class=\"last\">Un sistema di collimazione multilamellare a 80 lamelle integrato nella testata dell\u2019acceleratore lineare Clinac.<\/li>\n<\/ul>\n<p>&nbsp;<\/p>\n<p>&nbsp;<\/p>\n<p><strong>Per prenotazioni<\/strong> o informazioni, <strong>telefonare al numero del Centro Unico di Prenotazione<\/strong> (CUP): <strong>081 0010202<\/strong>.[\/vc_column_text][vc_empty_space][vc_row_inner row_type=&#8221;row&#8221; type=&#8221;full_width&#8221; text_align=&#8221;left&#8221; css_animation=&#8221;&#8221;][vc_column_inner width=&#8221;1\/2&#8243;][vc_single_image image=&#8221;709&#8243; img_size=&#8221;full&#8221; alignment=&#8221;center&#8221; qode_css_animation=&#8221;&#8221;][vc_empty_space height=&#8221;20px&#8221;][\/vc_column_inner][vc_column_inner width=&#8221;1\/2&#8243;][vc_single_image image=&#8221;708&#8243; img_size=&#8221;full&#8221; alignment=&#8221;center&#8221; qode_css_animation=&#8221;&#8221;][\/vc_column_inner][\/vc_row_inner][vc_empty_space][vc_column_text]Unitamente al <strong>sistema TRILOGY\u2122<\/strong>, L\u2019unit\u00e0 operativa di <strong>Radioterapia<\/strong> del Centro Aktis di Marano di <strong>Napoli<\/strong> ha recentemente acquisito un\u2019apparecchiatura di Brachiterapia o Curieterapia endocavitaria, ad alto rateo di dose, che risponde a tutte le esigenze abituali della curieterapia endocavitaria.<\/p>\n<p>&nbsp;<\/p>\n<p>In tal modo, possono essere trattati nell\u2019ambito della <strong>Brachiterapia oncologica tumori ginecologici<\/strong> o in generali tumori relativi a cavit\u00e0 anatomiche ove \u00e8 possibile il posizionamento di specifici applicatori (tumori ano-rettali, dell\u2019esofago, etc.)<\/p>\n<p>&nbsp;<\/p>\n<p>Presso la divisione di Radioterapia del Centro Aktis di Marano \u00e8 possibile effettuare:<\/p>\n<ul>\n<li class=\"first\">Radioterapia a Fasci Esterni Convenzionale (o transcutanea);<\/li>\n<li>Radioterapia a Fasci Esterni Conformazionale;<\/li>\n<li>Radioterapia Stereotassica (sia Neuro che Body);<\/li>\n<li>Radioterapia a Campi Sagomati Personalizzati (quali campi a Mantellina, a Y rovesciata o a Bastone da Hokey);<\/li>\n<li>Brachiterapia;<\/li>\n<li class=\"last\">Ipertermia Oncologica.<\/li>\n<\/ul>\n<p>&nbsp;<\/p>\n<p>&nbsp;<\/p>\n<div class=\"wpb_text_column wpb_content_element\">\n<div class=\"wpb_wrapper\">\n<p><strong>Per prenotazioni<\/strong> o informazioni, <strong>telefonare al numero del Centro Unico di Prenotazione<\/strong> (CUP): <strong>081 0010202<\/strong>.<\/p>\n<\/div>\n<\/div>\n<p>[\/vc_column_text][vc_empty_space height=&#8221;60px&#8221;][\/vc_column][vc_column width=&#8221;1\/3&#8243; css=&#8221;.vc_custom_1523434258486{margin-top: 0px !important;}&#8221; el_id=&#8221;contenuto_sidebar&#8221;][vc_row_inner row_type=&#8221;row&#8221; type=&#8221;full_width&#8221; text_align=&#8221;left&#8221; css_animation=&#8221;&#8221; css=&#8221;.vc_custom_1523277161124{margin-bottom: 20px !important;}&#8221;][vc_column_inner css=&#8221;.vc_custom_1523432595586{border-top-width: 1px !important;border-right-width: 1px !important;border-bottom-width: 1px !important;border-left-width: 1px !important;padding-top: 0px !important;padding-bottom: 0px !important;background-color: #eceff1 !important;border-radius: 5px !important;}&#8221;][vc_column_text]<\/p>\n<div style=\"background-color: #007ac7; width: 100%; margin: 0px 0px 0px -15px; padding: 10px 0px 10px 30px; border-radius: 5px 5px 0 0;\">\n<h2 style=\"color: white; margin-left: inherit; font-weight: 400;\">\u2685 Foto della Struttura<\/h2>\n<\/div>\n<p>[\/vc_column_text][vc_empty_space height=&#8221;20px&#8221;][vc_column_text]<\/p>\n<div class=\"n2-code n2-ss-slider-shortcode-id\"><\/div>\n<p>[\/vc_column_text][vc_empty_space height=&#8221;20px&#8221;][\/vc_column_inner][\/vc_row_inner][vc_row_inner row_type=&#8221;row&#8221; type=&#8221;full_width&#8221; text_align=&#8221;left&#8221; css_animation=&#8221;&#8221;][vc_column_inner css=&#8221;.vc_custom_1523363711376{border-top-width: 1px !important;border-right-width: 1px !important;border-bottom-width: 1px !important;border-left-width: 1px !important;padding-top: 0px !important;padding-left: 20px !important;background-color: #eceff1 !important;border-left-color: #eceff1 !important;border-left-style: solid !important;border-right-color: #eceff1 !important;border-right-style: solid !important;border-top-color: #eceff1 !important;border-top-style: solid !important;border-bottom-color: #eceff1 !important;border-bottom-style: solid !important;border-radius: 5px !important;}&#8221; el_id=&#8221;elenco_recensioni_sidebar&#8221;][vc_column_text]<\/p>\n<div style=\"background-color: #007ac7; width: 100%; margin: 0px 0px 0px -19px; padding: 10px 2px 10px 32px; border-radius: 5px 5px 0 0;\">\n<h2 style=\"color: white; margin-left: inherit; font-weight: 400;\">\u2605 Recensioni sulla Struttura<\/h2>\n<\/div>\n<p>[\/vc_column_text][vc_empty_space height=&#8221;20px&#8221;][vc_widget_sidebar sidebar_id=&#8221;Custom Widget per visualizzare recensioni&#8221;][\/vc_column_inner][\/vc_row_inner][vc_row_inner row_type=&#8221;expandable&#8221; anchor=&#8221;lascia_recensione&#8221; text_align=&#8221;left&#8221; more_button_label=&#8221;LASCIA UNA RECENSIONE&#8221; less_button_label=&#8221;Nascondi&#8221; button_position=&#8221;center&#8221; expandable_content_top_padding=&#8221;0&#8243; css=&#8221;.vc_custom_1523434936272{margin-bottom: 20px !important;}&#8221;][vc_column_inner css=&#8221;.vc_custom_1523434932650{border-top-width: 1px !important;border-right-width: 1px !important;border-bottom-width: 1px !important;border-left-width: 1px !important;padding-top: 0px !important;padding-left: 20px !important;background-color: #eceff1 !important;border-left-color: #eceff1 !important;border-left-style: solid !important;border-right-color: #eceff1 !important;border-right-style: solid !important;border-top-color: #eceff1 !important;border-top-style: solid !important;border-bottom-color: #eceff1 !important;border-bottom-style: solid !important;border-radius: 5px !important;}&#8221;][vc_empty_space height=&#8221;20px&#8221;][vc_widget_sidebar sidebar_id=&#8221;Custom Widget per lasciare recensioni&#8221;][\/vc_column_inner][\/vc_row_inner][\/vc_column][\/vc_row]<\/p>\n","protected":false},"excerpt":{"rendered":"<p>[vc_row css_animation=&#8221;&#8221; row_type=&#8221;row&#8221; use_row_as_full_screen_section=&#8221;no&#8221; type=&#8221;full_width&#8221; angled_section=&#8221;no&#8221; text_align=&#8221;left&#8221; background_image_as_pattern=&#8221;without_pattern&#8221; css=&#8221;.vc_custom_1523262176370{background-color: #007ac7 !important;}&#8221; z_index=&#8221;&#8221;][vc_column offset=&#8221;vc_hidden-xs&#8221; css=&#8221;.vc_custom_1523435020780{margin-bottom: 0px !important;}&#8221;][vc_single_image source=&#8221;external_link&#8221; alignment=&#8221;center&#8221; qode_css_animation=&#8221;element_from_fade&#8221; custom_src=&#8221;http:\/\/sanitasenzaproblemi.it\/wp-content\/uploads\/num_cup_prenota_online_homepage.jpg&#8221;][\/vc_column][\/vc_row][vc_row css_animation=&#8221;element_from_fade&#8221; row_type=&#8221;row&#8221; use_row_as_full_screen_section=&#8221;no&#8221; type=&#8221;full_width&#8221; angled_section=&#8221;no&#8221; text_align=&#8221;left&#8221; background_image_as_pattern=&#8221;without_pattern&#8221; css=&#8221;.vc_custom_1523372181026{margin-top: 0px !important;margin-right: 23px !important;margin-bottom: 0px !important;margin-left: 10px !important;}&#8221; z_index=&#8221;&#8221;][vc_column css_animation=&#8221;none&#8221; width=&#8221;8\/12&#8243; offset=&#8221;vc_hidden-sm vc_hidden-xs&#8221; css=&#8221;.vc_custom_1523352176548{margin-top: 20px !important;margin-bottom: 20px&#8230;<\/p>\n","protected":false},"author":1,"featured_media":0,"parent":0,"menu_order":0,"comment_status":"closed","ping_status":"closed","template":"full_width.php","meta":[],"_links":{"self":[{"href":"https:\/\/sanitasenzaproblemi.it\/strutture\/campania\/centro-aktis-marano\/wp-json\/wp\/v2\/pages\/706"}],"collection":[{"href":"https:\/\/sanitasenzaproblemi.it\/strutture\/campania\/centro-aktis-marano\/wp-json\/wp\/v2\/pages"}],"about":[{"href":"https:\/\/sanitasenzaproblemi.it\/strutture\/campania\/centro-aktis-marano\/wp-json\/wp\/v2\/types\/page"}],"author":[{"embeddable":true,"href":"https:\/\/sanitasenzaproblemi.it\/strutture\/campania\/centro-aktis-marano\/wp-json\/wp\/v2\/users\/1"}],"replies":[{"embeddable":true,"href":"https:\/\/sanitasenzaproblemi.it\/strutture\/campania\/centro-aktis-marano\/wp-json\/wp\/v2\/comments?post=706"}],"version-history":[{"count":0,"href":"https:\/\/sanitasenzaproblemi.it\/strutture\/campania\/centro-aktis-marano\/wp-json\/wp\/v2\/pages\/706\/revisions"}],"wp:attachment":[{"href":"https:\/\/sanitasenzaproblemi.it\/strutture\/campania\/centro-aktis-marano\/wp-json\/wp\/v2\/media?parent=706"}],"curies":[{"name":"wp","href":"https:\/\/api.w.org\/{rel}","templated":true}]}}